{"id":4268,"date":"2025-10-27T15:18:57","date_gmt":"2025-10-27T14:18:57","guid":{"rendered":"https:\/\/www.campingdeslacs.fr\/beheiztem-pool-pressignac\/"},"modified":"2026-03-19T15:23:45","modified_gmt":"2026-03-19T14:23:45","slug":"beheiztem-pool-pressignac","status":"publish","type":"page","link":"https:\/\/www.campingdeslacs.fr\/de\/beheiztem-pool-pressignac\/","title":{"rendered":"Pools"},"content":{"rendered":"\n<div class=\"wp-block-group section-1 has-custom-color-1-background-color has-background has-global-padding is-layout-constrained wp-container-core-group-is-layout-ed0d3ee8 wp-block-group-is-layout-constrained\" style=\"margin-top:0px;margin-bottom:0px;padding-right:0px;padding-left:0px\">\n<div class=\"wp-block-cover is-light\" style=\"padding-top:5rem;padding-right:10rem;padding-bottom:10rem;padding-left:6rem\"><span aria-hidden=\"true\" class=\"wp-block-cover__background has-custom-color-1-background-color has-background-dim-0 has-background-dim\"><\/span><div class=\"wp-block-cover__inner-container has-global-padding is-layout-constrained wp-container-core-cover-is-layout-d2877519 wp-block-cover-is-layout-constrained\">\n<div class=\"wp-block-columns is-layout-flex wp-container-core-columns-is-layout-65a7aca3 wp-block-columns-is-layout-flex\">\n<div class=\"wp-block-column is-vertically-aligned-top left is-layout-flow wp-block-column-is-layout-flow\" style=\"padding-top:var(--wp--preset--spacing--10)\">\n<figure class=\"wp-block-image size-full has-custom-border\"><img decoding=\"async\" width=\"1500\" height=\"2000\" src=\"https:\/\/www.campingdeslacs.fr\/wp-content\/uploads\/2026\/03\/camping-avec-piscine-en-charente-1.jpg\" alt=\"Camping mit Pool in der Charente\" class=\"wp-image-2719\" style=\"border-top-left-radius:200px;border-top-right-radius:0px;border-bottom-left-radius:0px;border-bottom-right-radius:0px;aspect-ratio:4\/3;object-fit:cover\"\/><\/figure>\n\n\n\n<figure class=\"wp-block-image size-full has-custom-border\"><img decoding=\"async\" width=\"1920\" height=\"1080\" src=\"https:\/\/www.campingdeslacs.fr\/wp-content\/uploads\/2026\/03\/Camping-des-lacs-avec-piscine-chauffee-charente.jpg\" alt=\"Camping des Lacs mit beheiztem Pool Charente\" class=\"wp-image-2686\" style=\"border-bottom-right-radius:200px\"\/><\/figure>\n<\/div>\n\n\n\n<div class=\"wp-block-column is-vertically-aligned-center right is-layout-flow wp-block-column-is-layout-flow\" style=\"padding-bottom:var(--wp--preset--spacing--40)\">\n<h1 class=\"wp-block-heading big-title has-custom-color-4-color has-text-color has-link-color has-modefun-font-family has-xx-large-font-size wp-elements-201e85fcf91047d6a8a55c50bbd8b9ef\" style=\"margin-bottom:4rem;line-height:1\">Camping mit beheiztem Pool<br\/>in der Charente<\/h1>\n\n\n\n<p class=\"has-base-color has-text-color has-link-color wp-elements-11216cef404d51aa866077edf14c8681\">Der Wasserbereich des <a href=\"https:\/\/www.campingdeslacs.fr\/de\/\" data-type=\"page\" data-id=\"5\">Camping des Lacs in der Charente<\/a> l\u00e4dt Gro\u00df und Klein ein, die Freuden des Wassers dank seiner <strong>drei<\/strong> <strong>Becken<\/strong> in vollen Z\u00fcgen zu genie\u00dfen: ein \u00fcberdachtes und beheiztes Innenbecken, ein Au\u00dfenbecken zur Abk\u00fchlung an sch\u00f6nen Tagen und ein speziell f\u00fcr die Kleinsten konzipiertes Planschbecken. Ein idealer Ort, um sich mit der Familie <strong>zu entspannen<\/strong> und <strong>Spa\u00df zu haben<\/strong>. <\/p>\n<\/div>\n<\/div>\n<\/div><\/div>\n<\/div>\n\n<div class=\"wp-block-group section-6 has-global-padding is-layout-constrained wp-container-core-group-is-layout-c5903013 wp-block-group-is-layout-constrained\" style=\"padding-right:0px;padding-left:0px\">\n<div class=\"wp-block-group shape has-custom-color-1-background-color has-background has-global-padding is-layout-constrained wp-container-core-group-is-layout-12243e0f wp-block-group-is-layout-constrained\" style=\"border-radius:0px\"><\/div>\n\n\n\n<div class=\"wp-block-group icon-top has-custom-color-3-background-color has-background has-global-padding is-layout-constrained wp-block-group-is-layout-constrained\" style=\"border-bottom-left-radius:0px;border-bottom-right-radius:50px\">\n<figure class=\"wp-block-image size-full is-resized\"><img decoding=\"async\" width=\"30\" height=\"20\" src=\"https:\/\/www.campingdeslacs.fr\/wp-content\/uploads\/2026\/02\/vague-double.svg\" alt=\"Doppelwelle\" class=\"wp-image-2219\" style=\"width:80px\"\/><\/figure>\n<\/div>\n\n\n\n<div class=\"wp-block-group has-global-padding is-layout-constrained wp-container-core-group-is-layout-c5903013 wp-block-group-is-layout-constrained\" style=\"padding-right:0px;padding-left:0px\">\n<div class=\"wp-block-cover\" style=\"min-height:120vh;aspect-ratio:unset;\"><img decoding=\"async\" width=\"1920\" height=\"1080\" class=\"wp-block-cover__image-background wp-image-2734 size-full\" alt=\"piscine chauff\u00e9e couverte Camping des lacs\" src=\"https:\/\/www.campingdeslacs.fr\/wp-content\/uploads\/2026\/03\/piscine-chauffee-couverte-Camping-des-lacs.jpg\" data-object-fit=\"cover\"\/><span aria-hidden=\"true\" class=\"wp-block-cover__background has-background-dim-0 has-background-dim\" style=\"background-color:#1f6596\"><\/span><div class=\"wp-block-cover__inner-container has-global-padding is-layout-constrained wp-block-cover-is-layout-constrained\"><a     class=\"wp-block-tiptip-hyperlink-group-block\" >\n<div class=\"wp-block-group card-content has-base-2-background-color has-background has-global-padding is-layout-constrained wp-container-core-group-is-layout-bf816c8d wp-block-group-is-layout-constrained\" style=\"border-bottom-left-radius:0px;border-bottom-right-radius:100px;padding-top:20px;padding-right:20px;padding-bottom:20px;padding-left:20px\">\n<figure class=\"wp-block-image size-large is-resized has-custom-border\"><img decoding=\"async\" width=\"1024\" height=\"768\" src=\"https:\/\/www.campingdeslacs.fr\/wp-content\/uploads\/2026\/03\/camping-avec-piscine-en-charente-couverte-1024x768.jpg\" alt=\"Camping mit &#xFC;berdachtem Pool in der Charente\" class=\"wp-image-2745\" style=\"border-top-left-radius:0px;border-top-right-radius:0px;border-bottom-left-radius:100px;border-bottom-right-radius:100px;aspect-ratio:1.4993133532595524;width:580px;height:auto\"\/><\/figure>\n<\/div>\n<\/a><\/div><\/div>\n<\/div>\n\n\n\n<div class=\"wp-block-group content has-custom-color-1-background-color has-background has-global-padding is-layout-constrained wp-container-core-group-is-layout-de465587 wp-block-group-is-layout-constrained\" style=\"margin-top:0px;margin-bottom:0px;padding-top:0;padding-right:20rem;padding-bottom:10rem;padding-left:20rem\">\n<div class=\"wp-block-group shape has-custom-color-1-background-color has-background has-global-padding is-layout-constrained wp-container-core-group-is-layout-12243e0f wp-block-group-is-layout-constrained\" style=\"border-radius:0px\"><\/div>\n\n\n\n<h2 class=\"wp-block-heading has-text-align-center big-title has-base-2-color has-text-color has-link-color wp-elements-cfa86a4c5f66b5bb9057107e92527f14\" style=\"margin-bottom:2rem\">Camping mit \u00fcberdachtem, beheiztem Pool <br\/><strong>in der N\u00e4he von Limoges<\/strong><\/h2>\n\n\n\n<p class=\"has-text-align-center has-base-2-color has-text-color has-link-color wp-elements-94c28ddb7e4c6499e50790d255d18623\">Der von April bis Oktober ge\u00f6ffnete <strong>Innen<\/strong><strong>pool<\/strong> des Camping des Lacs ist ein wahrer Wellnessbereich, der dir zu jeder Jahreszeit Momente der Entspannung bietet. <strong>\u00dcberdacht<\/strong> und <strong>beheizt<\/strong>, erm\u00f6glicht er es, die Freuden des Wassers auch bei k\u00fchlerem oder wechselhaftem Wetter zu genie\u00dfen. Seine Temperatur, je nach Au\u00dfenbedingungen zwischen 26 und 30 \u00b0C, garantiert optimalen Komfort sowohl beim Schwimmen als auch beim Entspannen. Das stets klare Wasser l\u00e4dt dazu ein, sich treiben zu lassen oder ein paar Bahnen in einer ruhigen und beruhigenden Atmosph\u00e4re zu ziehen. Besonders Frostbeulen werden diesen Pool zu Beginn und am Ende der Saison sch\u00e4tzen. <strong>Massage<\/strong><strong>d\u00fcsen<\/strong> bereichern gelegentlich dein Badeerlebnis f\u00fcr einen zus\u00e4tzlichen Moment der Entspannung. Mit einer maximalen Tiefe von 1,50 m, dieses Becken eignet sich sowohl f\u00fcr <strong>Erwachsene<\/strong> als auch f\u00fcr <strong>Familien<\/strong>, die eine angenehme und sichere Zeit auf einem Campingplatz mit beheiztem Pool in der N\u00e4he von Limoges verbringen m\u00f6chten.     <\/p>\n\n\n\n<div class=\"wp-block-group shape bottom has-custom-color-1-background-color has-background has-global-padding is-layout-constrained wp-container-core-group-is-layout-12243e0f wp-block-group-is-layout-constrained\" style=\"border-radius:0px\"><\/div>\n<\/div>\n<\/div>\n\n<div class=\"wp-block-group section-4 has-global-padding is-layout-constrained wp-container-core-group-is-layout-f7256455 wp-block-group-is-layout-constrained\" style=\"margin-top:0px;padding-right:0px;padding-left:0px\">\n<div class=\"wp-block-group has-base-2-background-color has-background has-global-padding is-layout-constrained wp-container-core-group-is-layout-08869aef wp-block-group-is-layout-constrained\" style=\"border-bottom-left-radius:100px;border-bottom-right-radius:0px;padding-top:2rem;padding-right:2rem;padding-bottom:6rem;padding-left:2rem\">\n<div class=\"wp-block-cover is-light gt-multiple-images-cover has-slider\" style=\"border-bottom-left-radius:100px;border-bottom-right-radius:0px;padding-top:0px;padding-right:0px;padding-bottom:0px;padding-left:0px;min-height:430px;aspect-ratio:unset;\" data-image-ids=\"[2755,2760,2739]\"><div class=\"gt-is-slider swiper-container\" data-swiper=\"{&quot;speed&quot;:1000,&quot;autoplay&quot;:{&quot;delay&quot;:2000,&quot;disableOnInteraction&quot;:false},&quot;spaceBetween&quot;:0,&quot;slidesPerView&quot;:1,&quot;pagination&quot;:{&quot;el&quot;:&quot;.swiper-pagination&quot;,&quot;dynamicBullets&quot;:true,&quot;clickable&quot;:true,&quot;type&quot;:&quot;bullets&quot;},&quot;navigation&quot;:{&quot;nextEl&quot;:&quot;.swiper-button-next&quot;,&quot;prevEl&quot;:&quot;.swiper-button-prev&quot;},&quot;breakpoints&quot;:[{&quot;slidesPerView&quot;:1}],&quot;effect&quot;:&quot;fade&quot;}\"><div class=\"swiper-wrapper\"><div class=\"swiper-slide\"><img decoding=\"async\" src=\"https:\/\/www.campingdeslacs.fr\/wp-content\/uploads\/2026\/03\/camping-des-lacs-avec-piscine-chauffee-en-charente.jpg\" alt=\"camping des lacs avec piscine chauff\u00e9e en charente\" class=\"gt-cover-image\" \/><\/div><div class=\"swiper-slide\"><img decoding=\"async\" src=\"https:\/\/www.campingdeslacs.fr\/wp-content\/uploads\/2026\/03\/camping-des-lacs-avec-piscine-chauffee-couverte-charente.jpg\" alt=\"camping des lacs avec piscine chauff\u00e9e couverte charente\" class=\"gt-cover-image\" \/><\/div><div class=\"swiper-slide\"><img decoding=\"async\" src=\"https:\/\/www.campingdeslacs.fr\/wp-content\/uploads\/2026\/03\/camping-avec-piscine-en-charente-camping-des-lacs-2.jpg\" alt=\"camping avec piscine en charente camping des lacs\" class=\"gt-cover-image\" \/><\/div><\/div><\/div><span aria-hidden=\"true\" class=\"wp-block-cover__background has-background-dim-20 has-background-dim has-background-gradient\" style=\"background:linear-gradient(0deg,rgba(42,69,61,0.54) 0%,rgba(255,255,255,0) 100%)\"><\/span><div class=\"wp-block-cover__inner-container has-global-padding is-layout-constrained wp-container-core-cover-is-layout-f5c98baf wp-block-cover-is-layout-constrained\">\n<figure class=\"wp-block-image size-large is-resized line wp-duotone-ffffff-ffffff-1\"><img decoding=\"async\" src=\"https:\/\/www.campingdeslacs.fr\/wp-content\/uploads\/2025\/11\/line-verticale-beige.svg\" alt=\"beige vertikale Linie\" style=\"object-fit:cover;width:2px;height:50px\"\/><\/figure>\n\n\n\n<div class=\"wp-block-group icon has-global-padding is-layout-constrained wp-container-core-group-is-layout-d22ff40a wp-block-group-is-layout-constrained\" style=\"border-radius:100px;padding-top:0px;padding-right:0px;padding-bottom:0px;padding-left:0px\">\n<figure class=\"wp-block-image size-large\"><img decoding=\"async\" width=\"93\" height=\"94\" src=\"https:\/\/www.campingdeslacs.fr\/wp-content\/uploads\/2026\/02\/baignade.svg\" alt=\"Baden\" class=\"wp-image-2099\"\/><\/figure>\n<\/div>\n\n\n\n<figure class=\"wp-block-image size-large arrow-swiper\"><img decoding=\"async\" src=\"https:\/\/www.campingdeslacs.fr\/wp-content\/uploads\/2025\/10\/fleche-droite-blanc.svg\" alt=\"wei&#xDF;er Pfeil rechts\" class=\"wp-image-389\"\/><\/figure>\n<\/div><\/div>\n\n\n\n<div class=\"wp-block-group content has-global-padding is-layout-constrained wp-container-core-group-is-layout-c33e39ee wp-block-group-is-layout-constrained\" style=\"padding-top:2rem;padding-right:4rem;padding-left:4rem\">\n<div class=\"wp-block-columns is-layout-flex wp-container-core-columns-is-layout-133cf375 wp-block-columns-is-layout-flex\">\n<div class=\"wp-block-column is-layout-flow wp-block-column-is-layout-flow\" style=\"flex-basis:100%\">\n<h2 class=\"wp-block-heading big-title has-custom-color-1-color has-text-color has-link-color wp-elements-5f6d28044bf0076e59f6509ecdd45641\" style=\"margin-bottom:2rem\">Camping mit Au\u00dfenpool <strong>in der Charente<\/strong><\/h2>\n\n\n\n<p>Wenn die sch\u00f6nen Tage kommen, wird der <strong>Au\u00dfenwasserbereich<\/strong> des Camping des Lacs zu einem unverzichtbaren Ort, um die Sonne und die sommerliche Milde in vollen Z\u00fcgen zu genie\u00dfen. Sein Au\u00dfenpool ist dank einer sanften Rampe und eines rutschfesten Belags f\u00fcr Personen mit eingeschr\u00e4nkter Mobilit\u00e4t zug\u00e4nglich, was allen Urlaubern Komfort und Sicherheit garantiert. Mit einer maximalen Tiefe von 1,40 m ist das Becken perfekt f\u00fcr <strong>Familien<\/strong> geeignet und erm\u00f6glicht es <strong>Kindern<\/strong>, unbeschwert zu spielen. Die Kleinsten werden vom lustigen Pilz und seiner Dusche begeistert sein, die jede halbe Stunde in Betrieb genommen werden und f\u00fcr Spiel und Lachen sorgen. W\u00e4hrenddessen k\u00f6nnen sich die Erwachsenen auf den <strong>Liegest\u00fchlen rund um den Pool<\/strong> entspannen, zwischen Schwimmen und Faulenzen. Umgeben von viel Gr\u00fcn bietet dieser Au\u00dfenbereich eine nat\u00fcrliche, ruhige und beruhigende Umgebung, ideal zum Auftanken und Genie\u00dfen einer wahren Auszeit im Herzen des Campingplatzes mit beheiztem Pool in der Charente.     <\/p>\n<\/div>\n<\/div>\n<\/div>\n<\/div>\n<\/div>\n\n<div class=\"wp-block-group section-simple has-custom-color-1-background-color has-background has-global-padding is-layout-constrained wp-container-core-group-is-layout-b151c75b wp-block-group-is-layout-constrained\" style=\"margin-top:15rem;margin-bottom:0px;padding-right:0px;padding-bottom:var(--wp--preset--spacing--50);padding-left:0px;background-image:url(&apos;https:\/\/www.campingdeslacs.fr\/wp-content\/uploads\/2025\/10\/forme-fond-sections.svg&apos;);background-size:cover;\">\n<div class=\"wp-block-group shape has-custom-color-1-background-color has-background has-global-padding is-layout-constrained wp-container-core-group-is-layout-12243e0f wp-block-group-is-layout-constrained\" style=\"border-radius:0px\"><\/div>\n\n\n\n<div class=\"wp-block-columns is-layout-flex wp-container-core-columns-is-layout-d45b6e69 wp-block-columns-is-layout-flex\" style=\"margin-top:0px;margin-bottom:0px;padding-top:4rem;padding-right:8rem;padding-bottom:4rem;padding-left:8rem\">\n<div class=\"wp-block-column left is-layout-flow wp-block-column-is-layout-flow\" style=\"flex-basis:40%\">\n<h2 class=\"wp-block-heading big-title has-base-2-color has-text-color has-link-color wp-elements-e799f0d2df642bd496203b790b2c47f9\" style=\"margin-bottom:2rem\">Der Planschbereich <br\/><strong>f\u00fcr deine Kleinen<\/strong><\/h2>\n\n\n\n<p class=\"has-base-2-color has-text-color has-link-color wp-elements-05e008dbdea0cf9c542e50790e1dbb8e\">Das <strong>Planschbecken<\/strong> des Camping des Lacs ist ein wahres K\u00f6nigreich f\u00fcr die Kleinsten, konzipiert, um Sicherheit und Spa\u00df zu vereinen. Flach und spielerisch erm\u00f6glicht es Kindern, die Freuden des Wassers zu entdecken, w\u00e4hrend sie planschen und ihre ersten Schwimmbewegungen lernen. <strong>Unter Aufsicht der Eltern<\/strong> k\u00f6nnen sie diesen speziell f\u00fcr ihren Komfort und ihre Sicherheit gestalteten Bereich frei erkunden. Wasserspiele und kleine Spritzer verwandeln jeden Moment in ein lustiges Abenteuer, w\u00e4hrend die <strong>Liegest\u00fchle<\/strong> ringsum den Erwachsenen erm\u00f6glichen, das Spektakel zu genie\u00dfen. Das Planschbecken bietet somit Momente puren Gl\u00fccks, die mit der Familie geteilt werden.   <\/p>\n<\/div>\n\n\n\n<div class=\"wp-block-column right is-layout-flow wp-block-column-is-layout-flow\" style=\"padding-top:var(--wp--preset--spacing--30);flex-basis:60%\">\n<figure class=\"wp-block-image size-large has-custom-border\"><img decoding=\"async\" width=\"1024\" height=\"576\" src=\"https:\/\/www.campingdeslacs.fr\/wp-content\/uploads\/2026\/03\/camping-des-lacs-avec-piscine-2-1024x576.jpg\" alt=\"camping des lacs mit Pool ()\" class=\"wp-image-2749\" style=\"border-top-left-radius:0px;border-top-right-radius:0px;border-bottom-left-radius:200px;border-bottom-right-radius:0px\"\/><\/figure>\n<\/div>\n<\/div>\n\n\n\n<div class=\"wp-block-group shape bottom has-custom-color-1-background-color has-background has-global-padding is-layout-constrained wp-container-core-group-is-layout-12243e0f wp-block-group-is-layout-constrained\" style=\"border-radius:0px\"><\/div>\n<\/div>\n\n<div class=\"wp-block-group section-maillage has-custom-color-3-background-color has-background has-global-padding is-layout-constrained wp-container-core-group-is-layout-b2a531d2 wp-block-group-is-layout-constrained\" style=\"margin-top:0px;margin-bottom:0px;padding-top:var(--wp--preset--spacing--40);padding-right:0px;padding-bottom:var(--wp--preset--spacing--40);padding-left:0px\">\n<div class=\"wp-block-group shape has-custom-color-1-background-color has-background has-global-padding is-layout-constrained wp-container-core-group-is-layout-12243e0f wp-block-group-is-layout-constrained\" style=\"border-radius:0px\"><\/div>\n\n\n\n<div class=\"wp-block-group content has-global-padding is-layout-constrained wp-container-core-group-is-layout-02453b6a wp-block-group-is-layout-constrained\" style=\"margin-top:0px;margin-bottom:0px;padding-top:12rem;padding-right:8rem;padding-bottom:12rem;padding-left:8rem\">\n<p class=\"has-text-align-center has-custom-color-1-color has-text-color has-link-color has-modefun-font-family wp-elements-6aac78733f37df87566618b50c0dd4cf\" style=\"font-size:clamp(2.2rem, 2.2rem + ((1vw - 0.2rem) * 3), 4rem);line-height:1.1\">Entdecke auch die Dienstleistungen, die Vermietungen und die Besonderheiten<\/p>\n\n\n\n<div data-wp-context=\"{}\" data-wp-interactive=\"core\/query\" data-wp-key=\"1\" data-wp-router-region=\"query-1\" class=\"wp-block-query alignwide gt-fse-maillage-query is-layout-flow wp-block-query-is-layout-flow\"><ul class=\"columns-3 wp-block-post-template is-layout-grid wp-container-core-post-template-is-layout-6d3fbd8f wp-block-post-template-is-layout-grid\"><li data-wp-key=\"post-template-item-4183\" class=\"wp-block-post post-4183 page type-page status-publish has-post-thumbnail hentry\">\n\n<div class=\"wp-block-group is-layout-flow wp-block-group-is-layout-flow\">\n<figure class=\"wp-block-image has-custom-border\"><img decoding=\"async\" src=\"https:\/\/www.campingdeslacs.fr\/wp-content\/uploads\/2026\/03\/cocosweet-insolite-charente.jpg\" alt=\"cocosweet au\u00dfergew\u00f6hnlich charente\" style=\"border-bottom-left-radius:100px;object-fit:cover\"\/><\/figure>\n\n\n\n<p class=\"has-text-align-center has-base-2-color has-text-color has-link-color has-modefun-font-family wp-elements-1d6432bcaa2d0c4d6d719eda62cad6b5\" style=\"padding-top:var(--wp--preset--spacing--20);padding-right:var(--wp--preset--spacing--10);padding-bottom:var(--wp--preset--spacing--20);padding-left:var(--wp--preset--spacing--10);font-size:clamp(0.984rem, 0.984rem + ((1vw - 0.2rem) * 0.86), 1.5rem);line-height:1\">Unsere au\u00dfergew\u00f6hnlichen Unterk\u00fcnfte<\/p>\n\n\n<a class=\"is-style-lien-cover wp-block-read-more\" href=\"https:\/\/www.campingdeslacs.fr\/de\/aussergewoehnliche-unterkuenfte-pressignac\/\" target=\"_self\">Weiterlesen<span class=\"screen-reader-text\">: Au\u00dfergew\u00f6hnliche Unterk\u00fcnfte<\/span><\/a><\/div>\n\n<\/li><li data-wp-key=\"post-template-item-4198\" class=\"wp-block-post post-4198 page type-page status-publish has-post-thumbnail hentry\">\n\n<div class=\"wp-block-group is-layout-flow wp-block-group-is-layout-flow\">\n<figure class=\"wp-block-image has-custom-border\"><img decoding=\"async\" src=\"https:\/\/www.campingdeslacs.fr\/wp-content\/uploads\/2026\/03\/location-mobil-home-charente-1.jpg\" alt=\"Mobilheim Vermietung Charente\" style=\"border-bottom-left-radius:100px;object-fit:cover\"\/><\/figure>\n\n\n\n<p class=\"has-text-align-center has-base-2-color has-text-color has-link-color has-modefun-font-family wp-elements-1d6432bcaa2d0c4d6d719eda62cad6b5\" style=\"padding-top:var(--wp--preset--spacing--20);padding-right:var(--wp--preset--spacing--10);padding-bottom:var(--wp--preset--spacing--20);padding-left:var(--wp--preset--spacing--10);font-size:clamp(0.984rem, 0.984rem + ((1vw - 0.2rem) * 0.86), 1.5rem);line-height:1\">Unsere Mobilheime<\/p>\n\n\n<a class=\"is-style-lien-cover wp-block-read-more\" href=\"https:\/\/www.campingdeslacs.fr\/de\/mobilheim-vermietung-pressignac\/\" target=\"_self\">Weiterlesen<span class=\"screen-reader-text\">: Mobilheime<\/span><\/a><\/div>\n\n<\/li><li data-wp-key=\"post-template-item-4266\" class=\"wp-block-post post-4266 page type-page status-publish has-post-thumbnail hentry\">\n\n<div class=\"wp-block-group is-layout-flow wp-block-group-is-layout-flow\">\n<figure class=\"wp-block-image has-custom-border\"><img decoding=\"async\" src=\"https:\/\/www.campingdeslacs.fr\/wp-content\/uploads\/2026\/03\/camping-familial-charente.jpg\" alt=\"Dienstleistungen und Aktivit\u00e4ten\" style=\"border-bottom-left-radius:100px;object-fit:cover\"\/><\/figure>\n\n\n\n<p class=\"has-text-align-center has-base-2-color has-text-color has-link-color has-modefun-font-family wp-elements-1d6432bcaa2d0c4d6d719eda62cad6b5\" style=\"padding-top:var(--wp--preset--spacing--20);padding-right:var(--wp--preset--spacing--10);padding-bottom:var(--wp--preset--spacing--20);padding-left:var(--wp--preset--spacing--10);font-size:clamp(0.984rem, 0.984rem + ((1vw - 0.2rem) * 0.86), 1.5rem);line-height:1\">Dienstleistungen und Aktivit\u00e4ten<\/p>\n\n\n<a class=\"is-style-lien-cover wp-block-read-more\" href=\"https:\/\/www.campingdeslacs.fr\/de\/familiencamping-pressignac\/\" target=\"_self\">Weiterlesen<span class=\"screen-reader-text\">: Dienstleistungen und Aktivit\u00e4ten<\/span><\/a><\/div>\n\n<\/li><\/ul><\/div>\n<\/div>\n<\/div>\n","protected":false},"excerpt":{"rendered":"<p>Camping mit \u00fcberdachtem, beheiztem Pool in der N\u00e4he von Limoges Der von April bis Oktober ge\u00f6ffnete Innenpool des Camping des Lacs ist ein wahrer Wellnessbereich, der dir zu jeder Jahreszeit Momente der Entspannung bietet. \u00dcberdacht und beheizt, erm\u00f6glicht er es, die Freuden des Wassers auch bei k\u00fchlerem oder wechselhaftem Wetter zu genie\u00dfen. Seine Temperatur, je [&hellip;]<\/p>\n","protected":false},"author":1,"featured_media":2733,"parent":0,"menu_order":0,"comment_status":"closed","ping_status":"closed","template":"","meta":{"_seopress_robots_primary_cat":"","_seopress_titles_title":"Camping mit beheiztem Pool Limoges | Wasserpark Charente","_seopress_titles_desc":"Genie\u00dfe einen Familienaufenthalt auf dem Camping des Lacs, mit beheiztem Pool und Spielbereichen, f\u00fcr Momente der Entspannung und des Vergn\u00fcgens im Freien.","_seopress_robots_index":"","_gt_ctv_global_id":"","_gt_ctv_id_group":false,"inline_featured_image":false,"gt_fse_maillage_image":"https:\/\/www.campingdeslacs.fr\/wp-content\/uploads\/2026\/03\/Camping-des-lacs-piscine-charente.jpg","gt_fse_maillage_titre":"Der Pool","gt_fse_maillage_alt":"Camping des Lacs Pool Charente","gt_fse_maillage_resume":"","footnotes":""},"categories":[],"tags":[],"class_list":["post-4268","page","type-page","status-publish","has-post-thumbnail","hentry"],"_links":{"self":[{"href":"https:\/\/www.campingdeslacs.fr\/de\/wp-json\/wp\/v2\/pages\/4268","targetHints":{"allow":["GET"]}}],"collection":[{"href":"https:\/\/www.campingdeslacs.fr\/de\/wp-json\/wp\/v2\/pages"}],"about":[{"href":"https:\/\/www.campingdeslacs.fr\/de\/wp-json\/wp\/v2\/types\/page"}],"author":[{"embeddable":true,"href":"https:\/\/www.campingdeslacs.fr\/de\/wp-json\/wp\/v2\/users\/1"}],"replies":[{"embeddable":true,"href":"https:\/\/www.campingdeslacs.fr\/de\/wp-json\/wp\/v2\/comments?post=4268"}],"version-history":[{"count":1,"href":"https:\/\/www.campingdeslacs.fr\/de\/wp-json\/wp\/v2\/pages\/4268\/revisions"}],"predecessor-version":[{"id":4269,"href":"https:\/\/www.campingdeslacs.fr\/de\/wp-json\/wp\/v2\/pages\/4268\/revisions\/4269"}],"wp:featuredmedia":[{"embeddable":true,"href":"https:\/\/www.campingdeslacs.fr\/de\/wp-json\/wp\/v2\/media\/2733"}],"wp:attachment":[{"href":"https:\/\/www.campingdeslacs.fr\/de\/wp-json\/wp\/v2\/media?parent=4268"}],"wp:term":[{"taxonomy":"category","embeddable":true,"href":"https:\/\/www.campingdeslacs.fr\/de\/wp-json\/wp\/v2\/categories?post=4268"},{"taxonomy":"post_tag","embeddable":true,"href":"https:\/\/www.campingdeslacs.fr\/de\/wp-json\/wp\/v2\/tags?post=4268"}],"curies":[{"name":"wp","href":"https:\/\/api.w.org\/{rel}","templated":true}]}}