{"id":4264,"date":"2025-10-27T15:18:59","date_gmt":"2025-10-27T14:18:59","guid":{"rendered":"https:\/\/www.campingdeslacs.fr\/guenstiger-camping-pressignac\/"},"modified":"2026-03-19T15:23:45","modified_gmt":"2026-03-19T14:23:45","slug":"guenstiger-camping-pressignac","status":"publish","type":"page","link":"https:\/\/www.campingdeslacs.fr\/de\/guenstiger-camping-pressignac\/","title":{"rendered":"Preise"},"content":{"rendered":"\n<div class=\"wp-block-group section-list-hebergements has-custom-color-3-background-color has-background has-global-padding is-layout-constrained wp-container-core-group-is-layout-8d95c397 wp-block-group-is-layout-constrained\" style=\"padding-top:4rem;padding-right:10rem;padding-bottom:10rem;padding-left:10rem\">\n<h1 class=\"wp-block-heading big-title has-custom-color-1-color has-text-color has-link-color has-modefun-font-family has-xx-large-font-size wp-elements-47a51cfa37ddc1b87a4f9085f02014f6\" style=\"margin-bottom:4rem;line-height:1\">G\u00fcnstiger Camping in der Charente<\/h1>\n\n\n\n<p>Auf dem <strong>Camping des Lacs<\/strong> bedeutet Natur und Komfort genie\u00dfen nicht, sich zu ruinieren! Wir bieten das ganze Jahr \u00fcber <strong>attraktive Preise<\/strong> sowie <strong>Sonderangebote und Aktionen<\/strong>, um deinen Urlaub noch erschwinglicher zu machen. Ob mit unseren <strong>Early-Booking-Angeboten<\/strong>, unseren <strong>Paar-Paketen<\/strong> oder unseren <strong>Tribu-Paketen<\/strong> f\u00fcr Familien und Freundesgruppen \u2013 jeder findet die ideale L\u00f6sung, um den See, die Aktivit\u00e4ten und die gr\u00fcne Umgebung des Campingplatzes zu genie\u00dfen, ohne sich um das Budget sorgen zu m\u00fcssen.  <\/p>\n\n\n\n<div class=\"wp-block-group alignwide has-global-padding is-layout-constrained wp-container-core-group-is-layout-530ec779 wp-block-group-is-layout-constrained\"><div class=\"wp-block-gt-gt-fse-widgets-ctv wp-container-content-9cfa9a5a\" data-wp-interactive=\"gt\/ctv\/widgets\">\n\n                        <ctv-availability data-background-color=\"#E6F2F6FF\"><\/ctv-availability>\n        \n    <\/div>\n<\/div>\n<\/div>\n\n<div class=\"wp-block-group section-1 has-custom-color-1-background-color has-background has-global-padding is-layout-constrained wp-container-core-group-is-layout-ed0d3ee8 wp-block-group-is-layout-constrained\" style=\"margin-top:0px;margin-bottom:0px;padding-right:0px;padding-left:0px\">\n<div class=\"wp-block-group shape has-custom-color-3-background-color has-background has-global-padding is-layout-constrained wp-container-core-group-is-layout-12243e0f wp-block-group-is-layout-constrained\" style=\"border-radius:0px\"><\/div>\n\n\n\n<div class=\"wp-block-cover is-light\" style=\"margin-top:0px;margin-bottom:0px;padding-top:12rem;padding-right:10rem;padding-bottom:10rem;padding-left:6rem\"><span aria-hidden=\"true\" class=\"wp-block-cover__background has-custom-color-3-background-color has-background-dim-0 has-background-dim\"><\/span><div class=\"wp-block-cover__inner-container has-global-padding is-layout-constrained wp-container-core-cover-is-layout-8cdeaf60 wp-block-cover-is-layout-constrained\">\n<div class=\"wp-block-columns is-layout-flex wp-container-core-columns-is-layout-65a7aca3 wp-block-columns-is-layout-flex\">\n<div class=\"wp-block-column is-vertically-aligned-top left is-layout-flow wp-block-column-is-layout-flow\" style=\"padding-top:var(--wp--preset--spacing--10)\">\n<figure class=\"wp-block-image size-full has-custom-border\"><img decoding=\"async\" width=\"2000\" height=\"1500\" src=\"https:\/\/www.campingdeslacs.fr\/wp-content\/uploads\/2026\/03\/aquitaine-facade-cote.jpg\" alt=\"Aquitaine-Fassade (Seite)\" class=\"wp-image-2783\" style=\"border-top-left-radius:200px;border-top-right-radius:0px;border-bottom-left-radius:0px;border-bottom-right-radius:0px;aspect-ratio:1;object-fit:cover\"\/><\/figure>\n\n\n\n<figure class=\"wp-block-image size-full has-custom-border\"><img decoding=\"async\" width=\"1920\" height=\"1080\" src=\"https:\/\/www.campingdeslacs.fr\/wp-content\/uploads\/2026\/03\/location-emplacements-pas-cher-charente.jpg\" alt=\"G&#xFC;nstige Stellpl&#xE4;tze in der Charente\" class=\"wp-image-3177\" style=\"border-bottom-right-radius:200px\"\/><\/figure>\n<\/div>\n\n\n\n<div class=\"wp-block-column is-vertically-aligned-center right is-layout-flow wp-block-column-is-layout-flow\">\n<h2 class=\"wp-block-heading big-title has-custom-color-4-color has-text-color has-link-color has-modefun-font-family has-x-large-font-size wp-elements-98484a668b1535090e2eed09659faa1b\" style=\"margin-bottom:2rem;line-height:1\">Unterkunft zum besten Preis in Pressignac<\/h2>\n\n\n\n<p class=\"has-base-2-color has-text-color has-link-color wp-elements-d63328313c8b4d070d8198cc7f4d6258\">Auf dem <a href=\"https:\/\/www.campingdeslacs.fr\/de\/\" data-type=\"page\" data-id=\"5\">Camping des Lacs in der Charente<\/a> m\u00f6chten wir deinen Urlaub am See f\u00fcr alle zug\u00e4nglich machen \u2013 dank attraktiver Preise und <strong>Sonder<\/strong><strong>angeboten<\/strong> das ganze Jahr \u00fcber. Ob du ein Mobilheim, ein Chalet, ein Coco Sweet oder einen <a href=\"https:\/\/www.campingdeslacs.fr\/de\/vermietung-stellplatz-pressignac\/\" data-type=\"page\" data-id=\"9\">einfachen Stellplatz in der N\u00e4he von Limoges<\/a> w\u00e4hlst, es gibt immer eine L\u00f6sung, die zu deinem Budget passt. <\/p>\n\n\n\n<p class=\"has-base-2-color has-text-color has-link-color wp-elements-4cd3fab1e918ac7d673071ad869e9903\">In der Nebensaison profitierst du von unseren <strong>Sonderangeboten f\u00fcr Paare und Tribu<\/strong>, ideal f\u00fcr Familien oder Freundesgruppen, und genie\u00dft vorteilhafte Preise f\u00fcr ruhige Aufenthalte fernab der Massen. Um deinen Urlaub im Voraus zu planen, erm\u00f6glicht unser <strong>Early-Booking-Angebot<\/strong> Rabatte von <strong>bis zu -30 %<\/strong> bei jeder Buchung vor dem 31. Januar und sichert dir deine bevorzugte Unterkunft zum reduzierten Preis. <\/p>\n\n\n\n<p class=\"has-base-2-color has-text-color has-link-color wp-elements-83644423f9741ba1ea1baa1dacc1d86e\">Mit diesen Optionen vereint der Camping des Lacs <strong>Natur<\/strong>, <strong>Komfort<\/strong> und <strong>Ersparnisse<\/strong>, damit du die Aktivit\u00e4ten, das Baden und die gr\u00fcne Umgebung der Haute-Charente in vollen Z\u00fcgen genie\u00dfen kannst, ohne dir Gedanken \u00fcber das Budget zu machen. Ein gelungener Urlaub zum cleveren Preis \u2013 hier beginnt er! <\/p>\n<\/div>\n<\/div>\n<\/div><\/div>\n\n\n\n<div class=\"wp-block-group shape bottom has-custom-color-1-background-color has-background has-global-padding is-layout-constrained wp-container-core-group-is-layout-12243e0f wp-block-group-is-layout-constrained\" style=\"border-radius:0px\"><\/div>\n<\/div>\n\n<div class=\"wp-block-group section-4 has-global-padding is-layout-constrained wp-container-core-group-is-layout-f7256455 wp-block-group-is-layout-constrained\" style=\"margin-top:0px;padding-right:0px;padding-left:0px\">\n<div class=\"wp-block-group has-base-2-background-color has-background has-global-padding is-layout-constrained wp-container-core-group-is-layout-08869aef wp-block-group-is-layout-constrained\" style=\"border-bottom-left-radius:100px;border-bottom-right-radius:0px;padding-top:2rem;padding-right:2rem;padding-bottom:6rem;padding-left:2rem\">\n<div class=\"wp-block-cover is-light gt-multiple-images-cover has-slider\" style=\"border-bottom-left-radius:100px;border-bottom-right-radius:0px;padding-top:0px;padding-right:0px;padding-bottom:0px;padding-left:0px;min-height:430px;aspect-ratio:unset;\" data-image-ids=\"[3159,3167,3181]\"><div class=\"gt-is-slider swiper-container\" data-swiper=\"{&quot;speed&quot;:1000,&quot;autoplay&quot;:{&quot;delay&quot;:2000,&quot;disableOnInteraction&quot;:false},&quot;spaceBetween&quot;:0,&quot;slidesPerView&quot;:1,&quot;pagination&quot;:{&quot;el&quot;:&quot;.swiper-pagination&quot;,&quot;dynamicBullets&quot;:true,&quot;clickable&quot;:true,&quot;type&quot;:&quot;bullets&quot;},&quot;navigation&quot;:{&quot;nextEl&quot;:&quot;.swiper-button-next&quot;,&quot;prevEl&quot;:&quot;.swiper-button-prev&quot;},&quot;breakpoints&quot;:[{&quot;slidesPerView&quot;:1}],&quot;effect&quot;:&quot;fade&quot;}\"><div class=\"swiper-wrapper\"><div class=\"swiper-slide\"><img decoding=\"async\" src=\"https:\/\/www.campingdeslacs.fr\/wp-content\/uploads\/2026\/03\/Animations-cmping-avec-piscine-charente.jpg\" alt=\"Animations cmping avec piscine charente\" class=\"gt-cover-image\" \/><\/div><div class=\"swiper-slide\"><img decoding=\"async\" src=\"https:\/\/www.campingdeslacs.fr\/wp-content\/uploads\/2026\/03\/camping-des-lacs-avec-piscine-au-meilleur-prix-en-charente.jpg\" alt=\"camping des lacs avec piscine au meilleur prix en charente\" class=\"gt-cover-image\" \/><\/div><div class=\"swiper-slide\"><img decoding=\"async\" src=\"https:\/\/www.campingdeslacs.fr\/wp-content\/uploads\/2026\/03\/camping-pas-cher-en-charente-2.jpg\" alt=\"camping pas cher en charente\" class=\"gt-cover-image\" \/><\/div><\/div><\/div><span aria-hidden=\"true\" class=\"wp-block-cover__background has-background-dim-20 has-background-dim has-background-gradient\" style=\"background:linear-gradient(0deg,rgba(42,69,61,0.54) 0%,rgba(255,255,255,0) 100%)\"><\/span><div class=\"wp-block-cover__inner-container has-global-padding is-layout-constrained wp-container-core-cover-is-layout-f5c98baf wp-block-cover-is-layout-constrained\">\n<figure class=\"wp-block-image size-large is-resized line wp-duotone-ffffff-ffffff-1\"><img decoding=\"async\" src=\"https:\/\/www.campingdeslacs.fr\/wp-content\/uploads\/2025\/11\/line-verticale-beige.svg\" alt=\"beige vertikale Linie\" style=\"object-fit:cover;width:2px;height:50px\"\/><\/figure>\n\n\n\n<div class=\"wp-block-group icon has-global-padding is-layout-constrained wp-container-core-group-is-layout-d22ff40a wp-block-group-is-layout-constrained\" style=\"border-radius:100px;padding-top:0px;padding-right:0px;padding-bottom:0px;padding-left:0px\">\n<figure class=\"wp-block-image size-large\"><img decoding=\"async\" width=\"93\" height=\"94\" src=\"https:\/\/www.campingdeslacs.fr\/wp-content\/uploads\/2026\/02\/baignade.svg\" alt=\"Baden\" class=\"wp-image-2099\"\/><\/figure>\n<\/div>\n\n\n\n<figure class=\"wp-block-image size-large arrow-swiper\"><img decoding=\"async\" src=\"https:\/\/www.campingdeslacs.fr\/wp-content\/uploads\/2025\/10\/fleche-droite-blanc.svg\" alt=\"wei&#xDF;er Pfeil rechts\" class=\"wp-image-389\"\/><\/figure>\n<\/div><\/div>\n\n\n\n<div class=\"wp-block-group content has-global-padding is-layout-constrained wp-container-core-group-is-layout-c33e39ee wp-block-group-is-layout-constrained\" style=\"padding-top:2rem;padding-right:4rem;padding-left:4rem\">\n<div class=\"wp-block-columns is-layout-flex wp-container-core-columns-is-layout-133cf375 wp-block-columns-is-layout-flex\">\n<div class=\"wp-block-column is-layout-flow wp-block-column-is-layout-flow\" style=\"flex-basis:50%\">\n<h2 class=\"wp-block-heading\">Camping mit Sonderangeboten in der N\u00e4he von Limoges<\/h2>\n\n\n\n<p>Auf dem g\u00fcnstigen Camping in der Charente soll ein Urlaub am See und mitten in der Natur nicht das Budget belasten. Deshalb bieten wir das ganze Jahr \u00fcber <strong>attraktive<\/strong> <strong>Preise<\/strong>, damit jeder unvergessliche Momente ohne Kompromisse erleben kann. Mit unserem <strong>Early-Booking-Angebot<\/strong> erh\u00e4ltst du bis zu -30 % Rabatt bei jeder Buchung vor dem 31. Januar und sicherst dir deinen bevorzugten Stellplatz oder deine Unterkunft zum reduzierten Preis.   <\/p>\n\n\n\n<p>In der Nebensaison bieten wir au\u00dferdem <strong>Sonderangebote<\/strong> f\u00fcr Paare oder Tribu-Pakete f\u00fcr Familien und Freundesgruppen an. Diese Aktionen erm\u00f6glichen es dir, die <strong>Aktivit\u00e4ten<\/strong>, das <strong>Baden<\/strong> und die <strong>gr\u00fcne<\/strong> <strong>Umgebung<\/strong> des Campingplatzes in vollen Z\u00fcgen zu genie\u00dfen und dabei dein Budget im Griff zu behalten \u2013 ob f\u00fcr einen Kurzaufenthalt oder einen l\u00e4ngeren Urlaub. Der Camping des Lacs macht so das Vergn\u00fcgen zug\u00e4nglich, am Wasser zu entspannen und die Haute-Charente in aller Ruhe zu entdecken.  <\/p>\n<\/div>\n\n\n\n<div class=\"wp-block-column is-layout-flow wp-block-column-is-layout-flow\" style=\"flex-basis:50%\"><div class=\"wp-block-gt-gt-fse-widgets-ctv\" data-wp-interactive=\"gt\/ctv\/widgets\">\n\n            <ctv-offers data-display-mode=\"carousel\" ><\/ctv-offers>\n\n    <\/div>\n<\/div>\n<\/div>\n<\/div>\n<\/div>\n<\/div>\n\n<div class=\"wp-block-group section-simple has-custom-color-1-background-color has-background has-global-padding is-layout-constrained wp-container-core-group-is-layout-b151c75b wp-block-group-is-layout-constrained\" style=\"margin-top:15rem;margin-bottom:0px;padding-right:0px;padding-bottom:var(--wp--preset--spacing--50);padding-left:0px;background-image:url(&apos;https:\/\/www.campingdeslacs.fr\/wp-content\/uploads\/2025\/10\/forme-fond-sections.svg&apos;);background-size:cover;\">\n<div class=\"wp-block-group shape has-custom-color-1-background-color has-background has-global-padding is-layout-constrained wp-container-core-group-is-layout-12243e0f wp-block-group-is-layout-constrained\" style=\"border-radius:0px\"><\/div>\n\n\n\n<div class=\"wp-block-columns is-layout-flex wp-container-core-columns-is-layout-6ce88275 wp-block-columns-is-layout-flex\" style=\"margin-top:0px;margin-bottom:0px;padding-top:6.5rem;padding-right:8rem;padding-bottom:4rem;padding-left:8rem\">\n<div class=\"wp-block-column left is-layout-flow wp-block-column-is-layout-flow\" style=\"flex-basis:40%\">\n<h2 class=\"wp-block-heading big-title has-base-2-color has-text-color has-link-color wp-elements-be29995937201634ba3132eb296d4321\" style=\"margin-bottom:2rem\">Direkt buchen und vom besten Preis profitieren<\/h2>\n\n\n\n<p class=\"has-base-2-color has-text-color has-link-color wp-elements-d59f9289f5abc254dc5ae5da5c93604c\">Wenn du direkt auf unserer Website buchst, k\u00f6nnen deine Aufenthalte dank des <strong>Treueprogramms \u201eMy Flower\u201c<\/strong> von Flower Campings noch vorteilhafter werden. Bei jeder Buchung sammelst du Punkte, die sich in Rabatte von <strong>bis zu 50 \u20ac<\/strong> auf deine zuk\u00fcnftigen Aufenthalte verwandeln. Das Programm ist 2 Jahre lang g\u00fcltig und bietet zudem exklusive Boni, wie doppelte Punkte in der Nebensaison und Sonderangebote das ganze Jahr \u00fcber.  <\/p>\n\n\n\n<p class=\"has-base-2-color has-text-color has-link-color wp-elements-153915e9705797cc29697a61606446b3\">Und um deinen Lieben eine Freude zu machen, denk an die <strong>Geschenkgutscheine<\/strong> des Camping des Lacs! Ob zu Weihnachten, zum Geburtstag, zum Ruhestand oder einfach, um einen Moment der Entspannung zu schenken \u2013 diese Geschenkgutscheine erm\u00f6glichen es, einen Aufenthalt auf dem Campingplatz zu genie\u00dfen und die Magie des Sees, der Aktivit\u00e4ten und der Natur zu teilen. Einen Geschenkgutschein zu verschenken bedeutet, unvergessliche Erinnerungen zu schenken und die Garantie f\u00fcr gemeinsame Freude mit Familie oder Freunden in einem <a href=\"https:\/\/www.campingdeslacs.fr\/de\/mobilheim-vermietung-pressignac\/\" data-type=\"page\" data-id=\"8\">Mobilheim in der N\u00e4he von Limoges<\/a> oder in einer <a href=\"https:\/\/www.campingdeslacs.fr\/de\/aussergewoehnliche-unterkuenfte-pressignac\/\" data-type=\"page\" data-id=\"2553\">au\u00dfergew\u00f6hnlichen Unterkunft in der Charente<\/a>.  <\/p>\n<\/div>\n\n\n\n<div class=\"wp-block-column right is-layout-flow wp-block-column-is-layout-flow\" style=\"flex-basis:60%\">\n<figure class=\"wp-block-image size-large has-custom-border\"><img decoding=\"async\" width=\"1024\" height=\"576\" src=\"https:\/\/www.campingdeslacs.fr\/wp-content\/uploads\/2026\/03\/pret-a-camper-camping-des-acs-1024x576.jpg\" alt=\"Ready-to-Camp Camping des Lacs\" class=\"wp-image-3077\" style=\"border-top-left-radius:0px;border-top-right-radius:0px;border-bottom-left-radius:200px;border-bottom-right-radius:0px\"\/><\/figure>\n<\/div>\n<\/div>\n\n\n\n<div class=\"wp-block-group shape bottom has-custom-color-1-background-color has-background has-global-padding is-layout-constrained wp-container-core-group-is-layout-12243e0f wp-block-group-is-layout-constrained\" style=\"border-radius:0px\"><\/div>\n<\/div>\n\n<div class=\"wp-block-group section-maillage has-custom-color-3-background-color has-background has-global-padding is-layout-constrained wp-container-core-group-is-layout-b2a531d2 wp-block-group-is-layout-constrained\" style=\"margin-top:0px;margin-bottom:0px;padding-top:var(--wp--preset--spacing--40);padding-right:0px;padding-bottom:var(--wp--preset--spacing--40);padding-left:0px\">\n<div class=\"wp-block-group shape has-custom-color-1-background-color has-background has-global-padding is-layout-constrained wp-container-core-group-is-layout-12243e0f wp-block-group-is-layout-constrained\" style=\"border-radius:0px\"><\/div>\n\n\n\n<div class=\"wp-block-group content has-global-padding is-layout-constrained wp-container-core-group-is-layout-02453b6a wp-block-group-is-layout-constrained\" style=\"margin-top:0px;margin-bottom:0px;padding-top:12rem;padding-right:8rem;padding-bottom:12rem;padding-left:8rem\">\n<p class=\"has-text-align-center has-custom-color-1-color has-text-color has-link-color has-modefun-font-family wp-elements-b728f4a6ecd1189fa9712f0c085beb48\" style=\"font-size:clamp(2.2rem, 2.2rem + ((1vw - 0.2rem) * 3), 4rem);line-height:1.1\">Entdecke auch unsere Stellpl\u00e4tze, unsere au\u00dfergew\u00f6hnlichen Unterk\u00fcnfte und unsere Mobilheime<\/p>\n\n\n\n<div data-wp-context=\"{}\" data-wp-interactive=\"core\/query\" data-wp-key=\"3\" data-wp-router-region=\"query-3\" class=\"wp-block-query alignwide gt-fse-maillage-query is-layout-flow wp-block-query-is-layout-flow\"><ul class=\"columns-3 wp-block-post-template is-layout-grid wp-container-core-post-template-is-layout-6d3fbd8f wp-block-post-template-is-layout-grid\"><li data-wp-key=\"post-template-item-4183\" class=\"wp-block-post post-4183 page type-page status-publish has-post-thumbnail hentry\">\n\n<div class=\"wp-block-group is-layout-flow wp-block-group-is-layout-flow\">\n<figure class=\"wp-block-image has-custom-border\"><img decoding=\"async\" src=\"https:\/\/www.campingdeslacs.fr\/wp-content\/uploads\/2026\/03\/cocosweet-insolite-charente.jpg\" alt=\"cocosweet au\u00dfergew\u00f6hnlich charente\" style=\"border-bottom-left-radius:100px;object-fit:cover\"\/><\/figure>\n\n\n\n<p class=\"has-text-align-center has-base-2-color has-text-color has-link-color has-modefun-font-family wp-elements-1d6432bcaa2d0c4d6d719eda62cad6b5\" style=\"padding-top:var(--wp--preset--spacing--20);padding-right:var(--wp--preset--spacing--10);padding-bottom:var(--wp--preset--spacing--20);padding-left:var(--wp--preset--spacing--10);font-size:clamp(0.984rem, 0.984rem + ((1vw - 0.2rem) * 0.86), 1.5rem);line-height:1\">Unsere au\u00dfergew\u00f6hnlichen Unterk\u00fcnfte<\/p>\n\n\n<a class=\"is-style-lien-cover wp-block-read-more\" href=\"https:\/\/www.campingdeslacs.fr\/de\/aussergewoehnliche-unterkuenfte-pressignac\/\" target=\"_self\">Weiterlesen<span class=\"screen-reader-text\">: Au\u00dfergew\u00f6hnliche Unterk\u00fcnfte<\/span><\/a><\/div>\n\n<\/li><li data-wp-key=\"post-template-item-4198\" class=\"wp-block-post post-4198 page type-page status-publish has-post-thumbnail hentry\">\n\n<div class=\"wp-block-group is-layout-flow wp-block-group-is-layout-flow\">\n<figure class=\"wp-block-image has-custom-border\"><img decoding=\"async\" src=\"https:\/\/www.campingdeslacs.fr\/wp-content\/uploads\/2026\/03\/location-mobil-home-charente-1.jpg\" alt=\"Mobilheim Vermietung Charente\" style=\"border-bottom-left-radius:100px;object-fit:cover\"\/><\/figure>\n\n\n\n<p class=\"has-text-align-center has-base-2-color has-text-color has-link-color has-modefun-font-family wp-elements-1d6432bcaa2d0c4d6d719eda62cad6b5\" style=\"padding-top:var(--wp--preset--spacing--20);padding-right:var(--wp--preset--spacing--10);padding-bottom:var(--wp--preset--spacing--20);padding-left:var(--wp--preset--spacing--10);font-size:clamp(0.984rem, 0.984rem + ((1vw - 0.2rem) * 0.86), 1.5rem);line-height:1\">Unsere Mobilheime<\/p>\n\n\n<a class=\"is-style-lien-cover wp-block-read-more\" href=\"https:\/\/www.campingdeslacs.fr\/de\/mobilheim-vermietung-pressignac\/\" target=\"_self\">Weiterlesen<span class=\"screen-reader-text\">: Mobilheime<\/span><\/a><\/div>\n\n<\/li><li data-wp-key=\"post-template-item-4227\" class=\"wp-block-post post-4227 page type-page status-publish has-post-thumbnail hentry\">\n\n<div class=\"wp-block-group is-layout-flow wp-block-group-is-layout-flow\">\n<figure class=\"wp-block-image has-custom-border\"><img decoding=\"async\" src=\"https:\/\/www.campingdeslacs.fr\/wp-content\/uploads\/2026\/03\/Camping-des-lacs-emplacements-charente.jpg\" alt=\"Camping des Lacs Stellpl\u00e4tze Charente\" style=\"border-bottom-left-radius:100px;object-fit:cover\"\/><\/figure>\n\n\n\n<p class=\"has-text-align-center has-base-2-color has-text-color has-link-color has-modefun-font-family wp-elements-1d6432bcaa2d0c4d6d719eda62cad6b5\" style=\"padding-top:var(--wp--preset--spacing--20);padding-right:var(--wp--preset--spacing--10);padding-bottom:var(--wp--preset--spacing--20);padding-left:var(--wp--preset--spacing--10);font-size:clamp(0.984rem, 0.984rem + ((1vw - 0.2rem) * 0.86), 1.5rem);line-height:1\">Unsere Stellpl\u00e4tze<\/p>\n\n\n<a class=\"is-style-lien-cover wp-block-read-more\" href=\"https:\/\/www.campingdeslacs.fr\/de\/vermietung-stellplatz-pressignac\/\" target=\"_self\">Weiterlesen<span class=\"screen-reader-text\">: Unsere Stellpl\u00e4tze<\/span><\/a><\/div>\n\n<\/li><\/ul><\/div>\n<\/div>\n<\/div>\n","protected":false},"excerpt":{"rendered":"<p>G\u00fcnstiger Camping in der Charente Auf dem Camping des Lacs bedeutet Natur und Komfort genie\u00dfen nicht, sich zu ruinieren! Wir bieten das ganze Jahr \u00fcber attraktive Preise sowie Sonderangebote und Aktionen, um deinen Urlaub noch erschwinglicher zu machen. Ob mit unseren Early-Booking-Angeboten, unseren Paar-Paketen oder unseren Tribu-Paketen f\u00fcr Familien und Freundesgruppen \u2013 jeder findet die [&hellip;]<\/p>\n","protected":false},"author":1,"featured_media":3145,"parent":0,"menu_order":0,"comment_status":"closed","ping_status":"closed","template":"","meta":{"_seopress_robots_primary_cat":"","_seopress_titles_title":"G\u00fcnstiger Camping in der N\u00e4he von Limoges | Camping-Angebote Charente","_seopress_titles_desc":"Genie\u00dfe die Natur, ohne dich zu ruinieren! Attraktive Preise und Sonderangebote das ganze Jahr \u00fcber auf dem Camping des Lacs, Charente. Early Booking bis zu -30 %!  ","_seopress_robots_index":"","_gt_ctv_global_id":"","_gt_ctv_id_group":false,"inline_featured_image":false,"gt_fse_maillage_image":"https:\/\/www.campingdeslacs.fr\/wp-content\/uploads\/2026\/03\/camping-des-lacs-avec-piscine-chauffee-en-charente.jpg","gt_fse_maillage_titre":"Preise","gt_fse_maillage_alt":"Camping des Lacs mit beheiztem Pool in der Charente","gt_fse_maillage_resume":"","footnotes":""},"categories":[],"tags":[],"class_list":["post-4264","page","type-page","status-publish","has-post-thumbnail","hentry"],"_links":{"self":[{"href":"https:\/\/www.campingdeslacs.fr\/de\/wp-json\/wp\/v2\/pages\/4264","targetHints":{"allow":["GET"]}}],"collection":[{"href":"https:\/\/www.campingdeslacs.fr\/de\/wp-json\/wp\/v2\/pages"}],"about":[{"href":"https:\/\/www.campingdeslacs.fr\/de\/wp-json\/wp\/v2\/types\/page"}],"author":[{"embeddable":true,"href":"https:\/\/www.campingdeslacs.fr\/de\/wp-json\/wp\/v2\/users\/1"}],"replies":[{"embeddable":true,"href":"https:\/\/www.campingdeslacs.fr\/de\/wp-json\/wp\/v2\/comments?post=4264"}],"version-history":[{"count":1,"href":"https:\/\/www.campingdeslacs.fr\/de\/wp-json\/wp\/v2\/pages\/4264\/revisions"}],"predecessor-version":[{"id":4265,"href":"https:\/\/www.campingdeslacs.fr\/de\/wp-json\/wp\/v2\/pages\/4264\/revisions\/4265"}],"wp:featuredmedia":[{"embeddable":true,"href":"https:\/\/www.campingdeslacs.fr\/de\/wp-json\/wp\/v2\/media\/3145"}],"wp:attachment":[{"href":"https:\/\/www.campingdeslacs.fr\/de\/wp-json\/wp\/v2\/media?parent=4264"}],"wp:term":[{"taxonomy":"category","embeddable":true,"href":"https:\/\/www.campingdeslacs.fr\/de\/wp-json\/wp\/v2\/categories?post=4264"},{"taxonomy":"post_tag","embeddable":true,"href":"https:\/\/www.campingdeslacs.fr\/de\/wp-json\/wp\/v2\/tags?post=4264"}],"curies":[{"name":"wp","href":"https:\/\/api.w.org\/{rel}","templated":true}]}}