{"id":4208,"date":"2025-10-27T15:19:00","date_gmt":"2025-10-27T14:19:00","guid":{"rendered":"https:\/\/www.campingdeslacs.fr\/toerisme-natuur-sport-charente\/"},"modified":"2026-03-19T15:14:53","modified_gmt":"2026-03-19T14:14:53","slug":"tourismus-natur-sport-charente","status":"publish","type":"page","link":"https:\/\/www.campingdeslacs.fr\/de\/tourismus-natur-sport-charente\/","title":{"rendered":"Natur und Sport"},"content":{"rendered":"\n<div class=\"wp-block-group section-1 has-custom-color-1-background-color has-background has-global-padding is-layout-constrained wp-container-core-group-is-layout-ed0d3ee8 wp-block-group-is-layout-constrained\" style=\"margin-top:0px;margin-bottom:0px;padding-right:0px;padding-left:0px\">\n<div class=\"wp-block-cover is-light\" style=\"padding-top:5rem;padding-right:10rem;padding-bottom:10rem;padding-left:6rem\"><span aria-hidden=\"true\" class=\"wp-block-cover__background has-custom-color-1-background-color has-background-dim-0 has-background-dim\"><\/span><div class=\"wp-block-cover__inner-container has-global-padding is-layout-constrained wp-container-core-cover-is-layout-d2877519 wp-block-cover-is-layout-constrained\">\n<div class=\"wp-block-columns is-layout-flex wp-container-core-columns-is-layout-65a7aca3 wp-block-columns-is-layout-flex\">\n<div class=\"wp-block-column is-vertically-aligned-top left is-layout-flow wp-block-column-is-layout-flow\" style=\"padding-top:var(--wp--preset--spacing--10)\">\n<figure class=\"wp-block-image size-full has-custom-border\"><img decoding=\"async\" width=\"1000\" height=\"667\" src=\"https:\/\/www.campingdeslacs.fr\/wp-content\/uploads\/2026\/03\/camping-en-bord-de-lacs-charente.jpg\" alt=\"Camping am Seeufer Charente\" class=\"wp-image-3491\" style=\"border-top-left-radius:200px;border-top-right-radius:0px;border-bottom-left-radius:0px;border-bottom-right-radius:0px;aspect-ratio:4\/3;object-fit:cover\"\/><\/figure>\n\n\n\n<figure class=\"wp-block-image size-full has-custom-border\"><img decoding=\"async\" width=\"1000\" height=\"700\" src=\"https:\/\/www.campingdeslacs.fr\/wp-content\/uploads\/2026\/03\/accobranche-en-charente.jpg\" alt=\"Hochseilgarten in der Charente\" class=\"wp-image-3547\" style=\"border-bottom-right-radius:200px\"\/><\/figure>\n<\/div>\n\n\n\n<div class=\"wp-block-column is-vertically-aligned-center right is-layout-flow wp-block-column-is-layout-flow\" style=\"padding-bottom:var(--wp--preset--spacing--40)\">\n<h1 class=\"wp-block-heading big-title has-custom-color-4-color has-text-color has-link-color has-modefun-font-family has-xx-large-font-size wp-elements-803f12961726c7de236b71f13f081fd5\" style=\"margin-bottom:4rem;line-height:1\">Die besten Aktivit\u00e4ten in der Charente<\/h1>\n\n\n\n<p class=\"has-base-color has-text-color has-link-color wp-elements-c3f3f19eaa5cc2f2a8e6bff8d2c98905\">Ein Aufenthalt im Camping des Lacs bedeutet auch, eine gro\u00dfe Auswahl an Aktivit\u00e4ten rund um das <a href=\"https:\/\/www.campingdeslacs.fr\/de\/\" data-type=\"page\" data-id=\"5\">camping in der N\u00e4he von Limoges<\/a> zu genie\u00dfen, zwischen <strong>Natur<\/strong>, <strong>Entspannung<\/strong> und <strong>Entdeckungen<\/strong>. Im Herzen einer gesch\u00fctzten Umgebung gelegen, ist das camping der ideale Ausgangspunkt, um die <strong>Seen<\/strong>, <strong>W\u00e4lder<\/strong> und <strong>charakteristischen<\/strong> <strong> <strong>D\u00f6rfer<\/strong> der Umgebung zu erkunden.<\/strong>  <\/p>\n\n\n\n<p class=\"has-base-color has-text-color has-link-color wp-elements-c7f45d7aad6a6c25a739b213b0c2e3c8\">Ob du Outdoor-Aktivit\u00e4ten, Spazierg\u00e4nge, Wassersport, Angeln oder kulturelle Entdeckungen liebst, jeder findet hier etwas, um seinen Urlaub zu gestalten. Zu Fu\u00df, mit dem Fahrrad oder auf dem Wasser bieten die Umgebung des Camping des Lacs zahlreiche M\u00f6glichkeiten, <strong>aktive<\/strong> <strong>Tage<\/strong> zu erleben oder einfach die <strong>Ruhe<\/strong> und die <strong>Landschaften<\/strong> der <strong>Region<\/strong> zu genie\u00dfen. <\/p>\n<\/div>\n<\/div>\n<\/div><\/div>\n<\/div>\n\n<div class=\"wp-block-group section-6 has-global-padding is-layout-constrained wp-container-core-group-is-layout-c5903013 wp-block-group-is-layout-constrained\" style=\"padding-right:0px;padding-left:0px\">\n<div class=\"wp-block-group shape has-custom-color-1-background-color has-background has-global-padding is-layout-constrained wp-container-core-group-is-layout-12243e0f wp-block-group-is-layout-constrained\" style=\"border-radius:0px\"><\/div>\n\n\n\n<div class=\"wp-block-group icon-top has-custom-color-3-background-color has-background has-global-padding is-layout-constrained wp-block-group-is-layout-constrained\" style=\"border-bottom-left-radius:0px;border-bottom-right-radius:50px\">\n<figure class=\"wp-block-image size-full is-resized\"><img decoding=\"async\" width=\"30\" height=\"20\" src=\"https:\/\/www.campingdeslacs.fr\/wp-content\/uploads\/2026\/02\/vague-double.svg\" alt=\"Doppelwelle\" class=\"wp-image-2219\" style=\"width:80px\"\/><\/figure>\n<\/div>\n\n\n\n<div class=\"wp-block-group has-global-padding is-layout-constrained wp-container-core-group-is-layout-c5903013 wp-block-group-is-layout-constrained\" style=\"padding-right:0px;padding-left:0px\">\n<div class=\"wp-block-cover\" style=\"min-height:120vh;aspect-ratio:unset;\"><img decoding=\"async\" width=\"1920\" height=\"1080\" class=\"wp-block-cover__image-background wp-image-3539 size-full\" alt=\"Camping des lacs balade a cheval en charente\" src=\"https:\/\/www.campingdeslacs.fr\/wp-content\/uploads\/2026\/03\/Camping-des-lacs-balade-a-cheval-en-charente.jpg\" data-object-fit=\"cover\"\/><span aria-hidden=\"true\" class=\"wp-block-cover__background has-background-dim-0 has-background-dim\" style=\"background-color:#7d8067\"><\/span><div class=\"wp-block-cover__inner-container has-global-padding is-layout-constrained wp-block-cover-is-layout-constrained\"><a     class=\"wp-block-tiptip-hyperlink-group-block\" >\n<div class=\"wp-block-group card-content has-base-2-background-color has-background has-global-padding is-layout-constrained wp-container-core-group-is-layout-bf816c8d wp-block-group-is-layout-constrained\" style=\"border-bottom-left-radius:0px;border-bottom-right-radius:100px;padding-top:20px;padding-right:20px;padding-bottom:20px;padding-left:20px\">\n<figure class=\"wp-block-image size-full is-resized has-custom-border\"><img decoding=\"async\" width=\"1000\" height=\"700\" src=\"https:\/\/www.campingdeslacs.fr\/wp-content\/uploads\/2026\/03\/Activites-nature-famille-charente.jpg\" alt=\"Naturaktivit&#xE4;ten f&#xFC;r Familien in der Charente\" class=\"wp-image-3543\" style=\"border-top-left-radius:0px;border-top-right-radius:0px;border-bottom-left-radius:100px;border-bottom-right-radius:100px;aspect-ratio:1.4993133532595524;width:580px;height:auto\"\/><\/figure>\n<\/div>\n<\/a><\/div><\/div>\n<\/div>\n\n\n\n<div class=\"wp-block-group content has-custom-color-1-background-color has-background has-global-padding is-layout-constrained wp-container-core-group-is-layout-de465587 wp-block-group-is-layout-constrained\" style=\"margin-top:0px;margin-bottom:0px;padding-top:0;padding-right:20rem;padding-bottom:10rem;padding-left:20rem\">\n<div class=\"wp-block-group shape has-custom-color-1-background-color has-background has-global-padding is-layout-constrained wp-container-core-group-is-layout-12243e0f wp-block-group-is-layout-constrained\" style=\"border-radius:0px\"><\/div>\n\n\n\n<h2 class=\"wp-block-heading has-text-align-center big-title has-base-2-color has-text-color has-link-color wp-elements-b4dd5ebc4d3a9f84ce81b1f2951e477a\" style=\"margin-bottom:2rem\">Aktivit\u00e4ten in der <strong>Natur<\/strong><\/h2>\n\n\n\n<p class=\"has-text-align-center has-base-2-color has-text-color has-link-color wp-elements-fe4d720ab4fc8610d1ea44d013ba4911\">Rund um das Camping des Lacs, in der N\u00e4he von Limoges, ist die Natur ein riesiges Abenteuerland, das du in deinem eigenen Tempo erkunden kannst. <\/p>\n\n\n\n<p class=\"has-text-align-center has-base-2-color has-text-color has-link-color wp-elements-2713064a6a7f9b11d85438bdf68bc2c8\">Zu Fu\u00df, mit dem Fahrrad oder sogar zu Pferd, entdecke eine <strong>reiche<\/strong> <strong>und<\/strong> <strong>wilde<\/strong> <strong>Flora<\/strong> und halte die Augen offen: Mit etwas Geduld und Stille kannst du die Tiere der W\u00e4lder und Felder beobachten. Die <a href=\"https:\/\/en-nouvelle-aquitaine.fr\/sejours\/vacances-nature-en-famille-lacs-de-haute-charente\/\" target=\"_blank\" rel=\"noreferrer noopener nofollow\">Seen der Haute-Charente<\/a> beherbergen auch zahlreiche <strong>Vogelarten<\/strong><strong> und erfreuen Ornithologie-Liebhaber. An einer wichtigen Zugroute gelegen, verf\u00fcgen sie sogar \u00fcber ein Observatorium in La Foucherie, am Ufer des Lac de Lavaud, f\u00fcr ein <strong>total<\/strong> <strong>immersives<\/strong> Erlebnis. Reitsportbegeisterte profitieren vom <strong>Reitzentrum Pressignac<\/strong>, das Ausritte und Kurse anbietet, auch am Seeufer im Sommer.<\/strong>    <\/p>\n\n\n\n<p class=\"has-text-align-center has-base-2-color has-text-color has-link-color wp-elements-ff980ec6ee1bf3d9d22e9f260642db48\">Und f\u00fcr ein unvergessliches Erlebnis lass dich von einer <strong>Hei\u00dfluftballonfahrt<\/strong> verf\u00fchren, die einen spektakul\u00e4ren Blick auf das camping und die umliegende Landschaft bietet, vorbehaltlich der Wetterbedingungen.<\/p>\n\n\n\n<div class=\"wp-block-group shape bottom has-custom-color-1-background-color has-background has-global-padding is-layout-constrained wp-container-core-group-is-layout-12243e0f wp-block-group-is-layout-constrained\" style=\"border-radius:0px\"><\/div>\n<\/div>\n<\/div>\n\n<div class=\"wp-block-group section-4 has-global-padding is-layout-constrained wp-container-core-group-is-layout-f7256455 wp-block-group-is-layout-constrained\" style=\"margin-top:0px;padding-right:0px;padding-left:0px\">\n<div class=\"wp-block-group has-base-2-background-color has-background has-global-padding is-layout-constrained wp-container-core-group-is-layout-08869aef wp-block-group-is-layout-constrained\" style=\"border-bottom-left-radius:100px;border-bottom-right-radius:0px;padding-top:2rem;padding-right:2rem;padding-bottom:6rem;padding-left:2rem\">\n<div class=\"wp-block-cover is-light gt-multiple-images-cover has-slider\" style=\"border-bottom-left-radius:100px;border-bottom-right-radius:0px;padding-top:0px;padding-right:0px;padding-bottom:0px;padding-left:0px;min-height:430px;aspect-ratio:unset;\" data-image-ids=\"[3552,3556,3561]\"><div class=\"gt-is-slider swiper-container\" data-swiper=\"{&quot;speed&quot;:1000,&quot;autoplay&quot;:{&quot;delay&quot;:2000,&quot;disableOnInteraction&quot;:false},&quot;spaceBetween&quot;:0,&quot;slidesPerView&quot;:1,&quot;pagination&quot;:{&quot;el&quot;:&quot;.swiper-pagination&quot;,&quot;dynamicBullets&quot;:true,&quot;clickable&quot;:true,&quot;type&quot;:&quot;bullets&quot;},&quot;navigation&quot;:{&quot;nextEl&quot;:&quot;.swiper-button-next&quot;,&quot;prevEl&quot;:&quot;.swiper-button-prev&quot;},&quot;breakpoints&quot;:[{&quot;slidesPerView&quot;:1}],&quot;effect&quot;:&quot;fade&quot;}\"><div class=\"swiper-wrapper\"><div class=\"swiper-slide\"><img decoding=\"async\" src=\"https:\/\/www.campingdeslacs.fr\/wp-content\/uploads\/2026\/03\/Initiation-tir-a-larc-charente-camping-bord-de-lac.jpg\" alt=\"Initiation tir \u00e0 l&#039;arc charente camping bord de lac\" class=\"gt-cover-image\" \/><\/div><div class=\"swiper-slide\"><img decoding=\"async\" src=\"https:\/\/www.campingdeslacs.fr\/wp-content\/uploads\/2026\/03\/Activites-karting-charente.jpg\" alt=\"Activit\u00e9s karting charente\" class=\"gt-cover-image\" \/><\/div><div class=\"swiper-slide\"><img decoding=\"async\" src=\"https:\/\/www.campingdeslacs.fr\/wp-content\/uploads\/2026\/03\/camping-avec-activites-sportives-en-charente.jpg\" alt=\"camping avec activit\u00e9s sportives en charente\" class=\"gt-cover-image\" \/><\/div><\/div><\/div><span aria-hidden=\"true\" class=\"wp-block-cover__background has-background-dim-20 has-background-dim has-background-gradient\" style=\"background:linear-gradient(0deg,rgba(42,69,61,0.54) 0%,rgba(255,255,255,0) 100%)\"><\/span><div class=\"wp-block-cover__inner-container has-global-padding is-layout-constrained wp-container-core-cover-is-layout-f5c98baf wp-block-cover-is-layout-constrained\">\n<figure class=\"wp-block-image size-large is-resized line wp-duotone-ffffff-ffffff-1\"><img decoding=\"async\" src=\"https:\/\/www.campingdeslacs.fr\/wp-content\/uploads\/2025\/11\/line-verticale-beige.svg\" alt=\"beige vertikale Linie\" style=\"object-fit:cover;width:2px;height:50px\"\/><\/figure>\n\n\n\n<div class=\"wp-block-group icon has-global-padding is-layout-constrained wp-container-core-group-is-layout-d22ff40a wp-block-group-is-layout-constrained\" style=\"border-radius:100px;padding-top:0px;padding-right:0px;padding-bottom:0px;padding-left:0px\">\n<figure class=\"wp-block-image size-large\"><img decoding=\"async\" width=\"93\" height=\"94\" src=\"https:\/\/www.campingdeslacs.fr\/wp-content\/uploads\/2026\/02\/baignade.svg\" alt=\"Baden\" class=\"wp-image-2099\"\/><\/figure>\n<\/div>\n\n\n\n<figure class=\"wp-block-image size-large arrow-swiper\"><img decoding=\"async\" src=\"https:\/\/www.campingdeslacs.fr\/wp-content\/uploads\/2025\/10\/fleche-droite-blanc.svg\" alt=\"wei&#xDF;er Pfeil rechts\" class=\"wp-image-389\"\/><\/figure>\n<\/div><\/div>\n\n\n\n<div class=\"wp-block-group content has-global-padding is-layout-constrained wp-container-core-group-is-layout-c33e39ee wp-block-group-is-layout-constrained\" style=\"padding-top:2rem;padding-right:4rem;padding-left:4rem\">\n<div class=\"wp-block-columns is-layout-flex wp-container-core-columns-is-layout-133cf375 wp-block-columns-is-layout-flex\">\n<div class=\"wp-block-column is-layout-flow wp-block-column-is-layout-flow\" style=\"flex-basis:100%\">\n<h2 class=\"wp-block-heading big-title has-custom-color-1-color has-text-color has-link-color wp-elements-7e412ed7d56cb75021cdb73f79668de8\" style=\"margin-bottom:2rem\">Sportliche Aktivit\u00e4ten <strong>rund um Limoges<\/strong><\/h2>\n\n\n\n<p>Wenn du deinen Urlaub gerne nutzt, um aktiv zu sein und deine Lieblingssportarten auszu\u00fcben, ist das Camping des Lacs der ideale Ausgangspunkt. Die Umgebung bietet eine gro\u00dfe Vielfalt an sportlichen Aktivit\u00e4ten f\u00fcr alle Altersgruppen und Niveaus. Liebhaber von Wassersport k\u00f6nnen zur <strong>Wassersportbasis<\/strong> <strong> <strong>von<\/strong> <strong>Verneuil<\/strong> gehen, die sich gegen\u00fcber dem camping befindet, f\u00fcr <strong>Paddleboarding<\/strong>, <strong>Kanu<\/strong> oder <strong>Kajak<\/strong>. Die Abenteuerlustigsten werden den <strong>Hochseilgarten in Massignac<\/strong> oder das <strong>Kartfahren in der N\u00e4he von La Rochefoucault<\/strong> sch\u00e4tzen.<\/strong>    <\/p>\n\n\n\n<p>Pr\u00e4zisions- und Konzentrationsliebhaber k\u00f6nnen sich im <strong>Bogenschie\u00dfen<\/strong> in einem Outdoor-Zentrum versuchen, w\u00e4hrend Liebhaber aktiver Entspannung den <strong>Golfplatz La Pr\u00e8ze<\/strong> nutzen, um ihren Schwung zu perfektionieren. <\/p>\n\n\n\n<p>Ob mit Familie, Freunden oder allein, die Umgebung des camping erm\u00f6glicht es, Natur und Sport zu kombinieren, f\u00fcr einen aktiven und unvergesslichen Urlaub im Herzen der Haute-Charente.<\/p>\n<\/div>\n<\/div>\n<\/div>\n<\/div>\n<\/div>\n\n<div class=\"wp-block-group section-simple has-custom-color-1-background-color has-background has-global-padding is-layout-constrained wp-container-core-group-is-layout-b151c75b wp-block-group-is-layout-constrained\" style=\"margin-top:15rem;margin-bottom:0px;padding-right:0px;padding-bottom:var(--wp--preset--spacing--50);padding-left:0px;background-image:url(&apos;https:\/\/www.campingdeslacs.fr\/wp-content\/uploads\/2025\/10\/forme-fond-sections.svg&apos;);background-size:cover;\">\n<div class=\"wp-block-group shape has-custom-color-1-background-color has-background has-global-padding is-layout-constrained wp-container-core-group-is-layout-12243e0f wp-block-group-is-layout-constrained\" style=\"border-radius:0px\"><\/div>\n\n\n\n<div class=\"wp-block-columns is-layout-flex wp-container-core-columns-is-layout-d45b6e69 wp-block-columns-is-layout-flex\" style=\"margin-top:0px;margin-bottom:0px;padding-top:4rem;padding-right:8rem;padding-bottom:4rem;padding-left:8rem\">\n<div class=\"wp-block-column left is-layout-flow wp-block-column-is-layout-flow\" style=\"flex-basis:40%\">\n<h2 class=\"wp-block-heading big-title has-base-2-color has-text-color has-link-color wp-elements-2097778b23b2feeca10616cdeb8afd65\" style=\"margin-bottom:2rem\">Familienaktivit\u00e4ten<\/h2>\n\n\n\n<p class=\"has-base-2-color has-text-color has-link-color wp-elements-9c572addd0aa4ec5484f16738600ac2b\">F\u00fcr einen <a href=\"https:\/\/www.campingdeslacs.fr\/de\/familienaktivitaeten-charente\/\" data-type=\"page\" data-id=\"2563\">unvergesslichen Familienurlaub in der Charente<\/a>, begib dich auf ein Abenteuer mit <strong>Terra Aventura<\/strong>, der spielerischen und interaktiven Schatzsuche, die die Natur in einen Spielplatz verwandelt! Ausgestattet mit einer Karte oder der App, erkunden kleine Entdecker und Eltern geheimnisvolle W\u00e4lder, malerische D\u00f6rfer und bezaubernde Seeufer. L\u00f6se R\u00e4tsel, finde Hinweise und entdecke versteckte Sch\u00e4tze, w\u00e4hrend du das lokale Erbe kennenlernst (Terroir und Kulturerbe)\u2026 eine originelle und fesselnde Art, sich zu bewegen, nachzudenken und unvergessliche Momente zu teilen.  <\/p>\n\n\n\n<p class=\"has-base-2-color has-text-color has-link-color wp-elements-a5fb49df6e4409f6187b2c14ec77df1a\">Und um den Spa\u00df zu verl\u00e4ngern, probiere die <a href=\"https:\/\/www.tourisme-charentelimousine.fr\/fiche-sit\/velo-rail-charente-limousine-5679015\/\" target=\"_blank\" rel=\"noreferrer noopener nofollow\">Draisine von Confolens<\/a> aus: Steige auf diese einzigartigen Fahrr\u00e4der, die auf alten Eisenbahnschienen fahren, und radle gemeinsam durch die Landschaft der Charente. Zwischen <strong>Nervenkitzel<\/strong>, <strong>Lachen<\/strong> und <strong>atemberaubenden Landschaften<\/strong> erleben Gro\u00df und Klein ein originelles und geselliges Erlebnis, ideal, um unvergessliche Erinnerungen zu schaffen. Im Camping des Lacs beginnt das Abenteuer auch, sobald du das camping verl\u00e4sst!  <\/p>\n<\/div>\n\n\n\n<div class=\"wp-block-column right is-layout-flow wp-block-column-is-layout-flow\" style=\"padding-top:var(--wp--preset--spacing--30);flex-basis:60%\">\n<figure class=\"wp-block-image size-full has-custom-border\"><img decoding=\"async\" width=\"1000\" height=\"700\" src=\"https:\/\/www.campingdeslacs.fr\/wp-content\/uploads\/2026\/03\/activites-velorail-en-charente.jpg\" alt=\"Draisine-Aktivit&#xE4;ten in der Charente\" class=\"wp-image-3575\" style=\"border-top-left-radius:0px;border-top-right-radius:0px;border-bottom-left-radius:200px;border-bottom-right-radius:0px\"\/><\/figure>\n<\/div>\n<\/div>\n\n\n\n<div class=\"wp-block-group shape bottom has-custom-color-1-background-color has-background has-global-padding is-layout-constrained wp-container-core-group-is-layout-12243e0f wp-block-group-is-layout-constrained\" style=\"border-radius:0px\"><\/div>\n<\/div>\n\n<div class=\"wp-block-group section-maillage has-custom-color-3-background-color has-background has-global-padding is-layout-constrained wp-container-core-group-is-layout-b2a531d2 wp-block-group-is-layout-constrained\" style=\"margin-top:0px;margin-bottom:0px;padding-top:var(--wp--preset--spacing--40);padding-right:0px;padding-bottom:var(--wp--preset--spacing--40);padding-left:0px\">\n<div class=\"wp-block-group shape has-custom-color-1-background-color has-background has-global-padding is-layout-constrained wp-container-core-group-is-layout-12243e0f wp-block-group-is-layout-constrained\" style=\"border-radius:0px\"><\/div>\n\n\n\n<div class=\"wp-block-group content has-global-padding is-layout-constrained wp-container-core-group-is-layout-02453b6a wp-block-group-is-layout-constrained\" style=\"margin-top:0px;margin-bottom:0px;padding-top:12rem;padding-right:8rem;padding-bottom:12rem;padding-left:8rem\">\n<p class=\"has-text-align-center has-custom-color-1-color has-text-color has-link-color has-modefun-font-family wp-elements-13de99cf2fe7ccf0ce217d53748d3fd2\" style=\"font-size:clamp(2.2rem, 2.2rem + ((1vw - 0.2rem) * 3), 4rem);line-height:1.1\">Entdecke auch Familien-, Kultur- und Seeaktivit\u00e4ten<\/p>\n\n\n\n<div data-wp-context=\"{}\" data-wp-interactive=\"core\/query\" data-wp-key=\"1\" data-wp-router-region=\"query-1\" class=\"wp-block-query alignwide gt-fse-maillage-query is-layout-flow wp-block-query-is-layout-flow\"><ul class=\"columns-3 wp-block-post-template is-layout-grid wp-container-core-post-template-is-layout-6d3fbd8f wp-block-post-template-is-layout-grid\"><li data-wp-key=\"post-template-item-4161\" class=\"wp-block-post post-4161 page type-page status-publish has-post-thumbnail hentry\">\n\n<div class=\"wp-block-group is-layout-flow wp-block-group-is-layout-flow\">\n<figure class=\"wp-block-image has-custom-border\"><img decoding=\"async\" src=\"https:\/\/www.campingdeslacs.fr\/wp-content\/uploads\/2026\/03\/confolens-acctivites-en-famille-charente.jpg\" alt=\"Confolens Familienaktivit\u00e4ten Charente\" style=\"border-bottom-left-radius:100px;object-fit:cover\"\/><\/figure>\n\n\n\n<p class=\"has-text-align-center has-base-2-color has-text-color has-link-color has-modefun-font-family wp-elements-1d6432bcaa2d0c4d6d719eda62cad6b5\" style=\"padding-top:var(--wp--preset--spacing--20);padding-right:var(--wp--preset--spacing--10);padding-bottom:var(--wp--preset--spacing--20);padding-left:var(--wp--preset--spacing--10);font-size:clamp(0.984rem, 0.984rem + ((1vw - 0.2rem) * 0.86), 1.5rem);line-height:1\">Mit der Familie<\/p>\n\n\n<a class=\"is-style-lien-cover wp-block-read-more\" href=\"https:\/\/www.campingdeslacs.fr\/de\/familienaktivitaeten-charente\/\" target=\"_self\">Weiterlesen<span class=\"screen-reader-text\">: Mit der Familie<\/span><\/a><\/div>\n\n<\/li><li data-wp-key=\"post-template-item-4159\" class=\"wp-block-post post-4159 page type-page status-publish has-post-thumbnail hentry\">\n\n<div class=\"wp-block-group is-layout-flow wp-block-group-is-layout-flow\">\n<figure class=\"wp-block-image has-custom-border\"><img decoding=\"async\" src=\"https:\/\/www.campingdeslacs.fr\/wp-content\/uploads\/2026\/03\/Camping-des-lacs-au-bord-du-lac-de-lavaud.jpg\" alt=\"Camping des Lacs am Ufer des Lac de Lavaud\" style=\"border-bottom-left-radius:100px;object-fit:cover\"\/><\/figure>\n\n\n\n<p class=\"has-text-align-center has-base-2-color has-text-color has-link-color has-modefun-font-family wp-elements-1d6432bcaa2d0c4d6d719eda62cad6b5\" style=\"padding-top:var(--wp--preset--spacing--20);padding-right:var(--wp--preset--spacing--10);padding-bottom:var(--wp--preset--spacing--20);padding-left:var(--wp--preset--spacing--10);font-size:clamp(0.984rem, 0.984rem + ((1vw - 0.2rem) * 0.86), 1.5rem);line-height:1\">Die Seen<\/p>\n\n\n<a class=\"is-style-lien-cover wp-block-read-more\" href=\"https:\/\/www.campingdeslacs.fr\/de\/campingplatz-am-see-pressignac\/\" target=\"_self\">Weiterlesen<span class=\"screen-reader-text\">: Die Seen<\/span><\/a><\/div>\n\n<\/li><li data-wp-key=\"post-template-item-4278\" class=\"wp-block-post post-4278 page type-page status-publish has-post-thumbnail hentry\">\n\n<div class=\"wp-block-group is-layout-flow wp-block-group-is-layout-flow\">\n<figure class=\"wp-block-image has-custom-border\"><img decoding=\"async\" src=\"https:\/\/www.campingdeslacs.fr\/wp-content\/uploads\/2026\/03\/Camping-des-lacs-visites.jpg\" alt=\"Camping des Lacs Besichtigungen\" style=\"border-bottom-left-radius:100px;object-fit:cover\"\/><\/figure>\n\n\n\n<p class=\"has-text-align-center has-base-2-color has-text-color has-link-color has-modefun-font-family wp-elements-1d6432bcaa2d0c4d6d719eda62cad6b5\" style=\"padding-top:var(--wp--preset--spacing--20);padding-right:var(--wp--preset--spacing--10);padding-bottom:var(--wp--preset--spacing--20);padding-left:var(--wp--preset--spacing--10);font-size:clamp(0.984rem, 0.984rem + ((1vw - 0.2rem) * 0.86), 1.5rem);line-height:1\">Regionalit\u00e4t und Kulturerbe<\/p>\n\n\n<a class=\"is-style-lien-cover wp-block-read-more\" href=\"https:\/\/www.campingdeslacs.fr\/de\/regionalitaet-kulturerbe-charente\/\" target=\"_self\">Weiterlesen<span class=\"screen-reader-text\">: Regionalit\u00e4t und Kulturerbe<\/span><\/a><\/div>\n\n<\/li><\/ul><\/div>\n<\/div>\n<\/div>\n","protected":false},"excerpt":{"rendered":"<p>Aktivit\u00e4ten in der Natur Rund um das Camping des Lacs, in der N\u00e4he von Limoges, ist die Natur ein riesiges Abenteuerland, das du in deinem eigenen Tempo erkunden kannst. Zu Fu\u00df, mit dem Fahrrad oder sogar zu Pferd, entdecke eine reiche und wilde Flora und halte die Augen offen: Mit etwas Geduld und Stille kannst [&hellip;]<\/p>\n","protected":false},"author":1,"featured_media":3569,"parent":0,"menu_order":0,"comment_status":"closed","ping_status":"closed","template":"","meta":{"_seopress_robots_primary_cat":"","_seopress_titles_title":"Natur und Sport Charente | Sportliche Aktivit\u00e4ten in der N\u00e4he von Limoges","_seopress_titles_desc":"Entdecke die Charente vom Camping des Lacs aus: Natur, Wassersport, Abenteuer in der Luft und kulturelle Entdeckungen erwarten dich in der N\u00e4he von Limoges.","_seopress_robots_index":"","_gt_ctv_global_id":"","_gt_ctv_id_group":false,"inline_featured_image":false,"gt_fse_maillage_image":"https:\/\/www.campingdeslacs.fr\/wp-content\/uploads\/2026\/03\/Camping-des-lacs-activite-sport-et-nature.jpg","gt_fse_maillage_titre":"Natur und Sport","gt_fse_maillage_alt":"Camping des Lacs: Sport- und Naturaktivit\u00e4ten","gt_fse_maillage_resume":"","footnotes":""},"categories":[],"tags":[],"class_list":["post-4208","page","type-page","status-publish","has-post-thumbnail","hentry"],"_links":{"self":[{"href":"https:\/\/www.campingdeslacs.fr\/de\/wp-json\/wp\/v2\/pages\/4208","targetHints":{"allow":["GET"]}}],"collection":[{"href":"https:\/\/www.campingdeslacs.fr\/de\/wp-json\/wp\/v2\/pages"}],"about":[{"href":"https:\/\/www.campingdeslacs.fr\/de\/wp-json\/wp\/v2\/types\/page"}],"author":[{"embeddable":true,"href":"https:\/\/www.campingdeslacs.fr\/de\/wp-json\/wp\/v2\/users\/1"}],"replies":[{"embeddable":true,"href":"https:\/\/www.campingdeslacs.fr\/de\/wp-json\/wp\/v2\/comments?post=4208"}],"version-history":[{"count":3,"href":"https:\/\/www.campingdeslacs.fr\/de\/wp-json\/wp\/v2\/pages\/4208\/revisions"}],"predecessor-version":[{"id":4230,"href":"https:\/\/www.campingdeslacs.fr\/de\/wp-json\/wp\/v2\/pages\/4208\/revisions\/4230"}],"wp:featuredmedia":[{"embeddable":true,"href":"https:\/\/www.campingdeslacs.fr\/de\/wp-json\/wp\/v2\/media\/3569"}],"wp:attachment":[{"href":"https:\/\/www.campingdeslacs.fr\/de\/wp-json\/wp\/v2\/media?parent=4208"}],"wp:term":[{"taxonomy":"category","embeddable":true,"href":"https:\/\/www.campingdeslacs.fr\/de\/wp-json\/wp\/v2\/categories?post=4208"},{"taxonomy":"post_tag","embeddable":true,"href":"https:\/\/www.campingdeslacs.fr\/de\/wp-json\/wp\/v2\/tags?post=4208"}],"curies":[{"name":"wp","href":"https:\/\/api.w.org\/{rel}","templated":true}]}}