{"id":4204,"date":"2025-10-27T15:18:54","date_gmt":"2025-10-27T14:18:54","guid":{"rendered":"https:\/\/www.campingdeslacs.fr\/datenschutzerklaerung\/"},"modified":"2026-03-20T10:13:46","modified_gmt":"2026-03-20T09:13:46","slug":"datenschutzerklaerung","status":"publish","type":"page","link":"https:\/\/www.campingdeslacs.fr\/de\/datenschutzerklaerung\/","title":{"rendered":"Datenschutzerkl\u00e4rung"},"content":{"rendered":"\n<div class=\"wp-block-group content has-base-2-color has-custom-color-1-background-color has-text-color has-background has-link-color wp-elements-112a1ec6ed8cad003545a4a2ee0872d3 has-global-padding is-layout-constrained wp-container-core-group-is-layout-575323ec wp-block-group-is-layout-constrained\" style=\"margin-top:0px;margin-bottom:0px;padding-top:4rem;padding-right:8rem;padding-bottom:12rem;padding-left:8rem\">\n<h1 class=\"wp-block-heading has-text-align-center big-title has-custom-color-4-color has-text-color has-link-color has-modefun-font-family has-xx-large-font-size wp-elements-a5bf06bea212813b554f922aef32cdf6\" style=\"margin-bottom:4rem;line-height:1\">Datenschutzerkl\u00e4rung<\/h1>\n\n\n\n<p>Diese Datenschutzerkl\u00e4rung beschreibt die personenbezogenen Daten, die erhoben oder erzeugt (verarbeitet) werden, wenn du die Website nutzt. Diese Datenschutzerkl\u00e4rung beschreibt die Arten personenbezogener Daten, die bei der Nutzung unserer Website erhoben werden, sowie wie deine personenbezogenen Daten verwendet, weitergegeben und gesch\u00fctzt werden. Sie erkl\u00e4rt au\u00dferdem, welche Wahlm\u00f6glichkeiten du in Bezug auf deine personenbezogenen Daten hast und wie du uns kontaktieren kannst.  <\/p>\n\n\n\n<h2 class=\"wp-block-heading has-base-2-color has-text-color has-link-color wp-elements-dc55727e283a0b3d0552d455fe370eb8\">Inhaltsverzeichnis<\/h2>\n\n\n\n<ul class=\"wp-block-list\">\n<li><a href=\"https:\/\/www.campingdeslacs.fr\/de\/datenschutzerklaerung\/#gdpr-1\">Wer sind wir?<\/a><\/li>\n\n\n\n<li><a href=\"https:\/\/www.campingdeslacs.fr\/de\/datenschutzerklaerung\/#gdpr-2\">Verwendung der erhobenen personenbezogenen Daten<\/a><\/li>\n\n\n\n<li><a href=\"https:\/\/www.campingdeslacs.fr\/de\/datenschutzerklaerung\/#gdpr-3\">Kommentare<\/a><\/li>\n\n\n\n<li><a href=\"https:\/\/www.campingdeslacs.fr\/de\/datenschutzerklaerung\/#gdpr-4\">Medien<\/a><\/li>\n\n\n\n<li><a href=\"https:\/\/www.campingdeslacs.fr\/de\/datenschutzerklaerung\/#gdpr-5\">Kontaktformulare<\/a><\/li>\n\n\n\n<li><a href=\"https:\/\/www.campingdeslacs.fr\/de\/datenschutzerklaerung\/#gdpr-6\">Verwendung von Cookies<\/a><\/li>\n\n\n\n<li><a href=\"https:\/\/www.campingdeslacs.fr\/de\/datenschutzerklaerung\/#gdpr-7\">Statistiken und Reichweitenmessung<\/a><\/li>\n\n\n\n<li><a href=\"https:\/\/www.campingdeslacs.fr\/de\/datenschutzerklaerung\/#gdpr-8\">Speicherdauer deiner Daten<\/a><\/li>\n\n\n\n<li><a href=\"https:\/\/www.campingdeslacs.fr\/de\/datenschutzerklaerung\/#gdpr-9\">Deine Rechte in Bezug auf deine Daten<\/a><\/li>\n\n\n\n<li><a href=\"https:\/\/www.campingdeslacs.fr\/de\/datenschutzerklaerung\/#gdpr-10\">Weitergabe deiner personenbezogenen Daten<\/a><\/li>\n\n\n\n<li><a href=\"https:\/\/www.campingdeslacs.fr\/de\/datenschutzerklaerung\/#gdpr-11\">Wie wir deine Daten sch\u00fctzen<\/a><\/li>\n\n\n\n<li><a href=\"https:\/\/www.campingdeslacs.fr\/de\/datenschutzerklaerung\/#gdpr-12\">Kontaktinformationen<\/a><\/li>\n<\/ul>\n\n\n\n<h2 class=\"wp-block-heading has-base-2-color has-text-color has-link-color wp-elements-cf270aec83f2e0dda6600faeff7074ac\" id=\"gdpr-1\">Wer sind wir?<\/h2>\n\n\n\n<p>Alle Informationen findest du auf der Seite <a href=\"https:\/\/www.campingdeslacs.fr\/de\/impressum\/\">Impressum<\/a>.<\/p>\n\n\n\n<h2 class=\"wp-block-heading has-base-2-color has-text-color has-link-color wp-elements-01e454b9b10ecd9a11d83feb9b7e227c\" id=\"gdpr-2\">Verwendung der erhobenen personenbezogenen Daten<\/h2>\n\n\n\n<p>Wir erheben automatisch und direkt keine Daten \u00fcber dich.<\/p>\n\n\n\n<p>Ungeachtet dessen k\u00f6nnen wir Informationen, einschlie\u00dflich personenbezogener Informationen, von Dritten erheben (siehe Abschnitt <a href=\"https:\/\/www.campingdeslacs.fr\/de\/datenschutzerklaerung\/#gdpr-5\">Cookies<\/a>).<\/p>\n\n\n\n<h2 class=\"wp-block-heading has-base-2-color has-text-color has-link-color wp-elements-bc25103b1f5e62d5735d1d0a2a172b84\" id=\"gdpr-3\">Kommentare<\/h2>\n\n\n\n<p>Wenn du auf unserer Website einen Kommentar hinterl\u00e4sst, werden die im Kommentarformular eingetragenen Daten sowie deine IP-Adresse und der User-Agent deines Browsers erfasst, um uns bei der Erkennung unerw\u00fcnschter Kommentare zu helfen.<\/p>\n\n\n\n<p>Eine anonymisierte Zeichenfolge, die aus deiner E-Mail-Adresse erstellt wird (auch Hash genannt), kann an den Gravatar-Dienst gesendet werden, um zu pr\u00fcfen, ob du diesen nutzt. Die Datenschutzbestimmungen des Gravatar-Dienstes sind verf\u00fcgbar unter https:\/\/automattic.com\/privacy\/. Nach Freigabe deines Kommentars ist dein Profilbild \u00f6ffentlich neben deinem Kommentar sichtbar. <\/p>\n\n\n\n<h2 class=\"wp-block-heading has-base-2-color has-text-color has-link-color wp-elements-63db120ac89928f0d8da71fa7ad5fa96\" id=\"gdpr-4\">Medien<\/h2>\n\n\n\n<p>Wenn du ein registrierter Nutzer bzw. eine registrierte Nutzerin bist und Bilder auf die Website hochl\u00e4dst, empfehlen wir dir, keine Bilder hochzuladen, die EXIF-Daten mit GPS-Koordinaten enthalten. Besucher deiner Website k\u00f6nnen diese Bilder herunterladen und Standortdaten daraus extrahieren. <\/p>\n\n\n\n<h2 class=\"wp-block-heading has-base-2-color has-text-color has-link-color wp-elements-e276c076c0a604269e7da1991fd670df\" id=\"gdpr-5\">Kontaktformulare<\/h2>\n\n\n\n<p>Du kannst dich entscheiden, uns Informationen mitzuteilen, wenn du ein Formular ausf\u00fcllst. Diese werden uns per E-Mail \u00fcbermittelt und nicht anderswo als in unserem E-Mail-Dienst gespeichert. Diese Informationen werden ausschlie\u00dflich dazu verwendet, deine Anfrage zu beantworten. Wenn Informationen zu kommerziellen Zwecken verwendet werden k\u00f6nnten, wird am Ende des Formulars darauf hingewiesen. Wir werden immer deine Einwilligung einholen, wenn Informationen \u00fcber ein Formular erhoben werden.  <\/p>\n\n\n\n<h2 class=\"wp-block-heading has-base-2-color has-text-color has-link-color wp-elements-5be93f627b2d6faa4b1572c499d00f2e\" id=\"gdpr-6\">Verwendung von Cookies<\/h2>\n\n\n\n<p><strong>Was ist ein Cookie?<\/strong><br\/>Ein Cookie ist eine kleine Datendatei, die auf dein Ger\u00e4t \u00fcbertragen und dort gespeichert wird. Konkret erm\u00f6glicht uns ein Cookie z. B., deinen Browser und deine Sprache zu erkennen oder deine Einstellungen zu speichern.<br\/>Auf unserer Website werden zwei Arten von Cookies verwendet: \u201eSession-Cookies\u201c und \u201epersistente Cookies\u201c. Session-Cookies verfallen, wenn du deinen Browser schlie\u00dft, w\u00e4hrend persistente Cookies auf deinem Ger\u00e4t bleiben, nachdem du den Browser geschlossen hast, und bei deinem n\u00e4chsten Besuch auf unserer Website erneut verwendet werden k\u00f6nnen.  <\/p>\n\n\n\n<p>Mehr Informationen auf <a href=\"https:\/\/allaboutcookies.org\/fr\" target=\"_blank\" rel=\"noreferrer noopener\">allaboutcookies.org<\/a>.<\/p>\n\n\n\n<p><strong>Unsere Cookies<\/strong><\/p>\n\n\n\n<p>Wenn du auf unserer Website einen Kommentar hinterl\u00e4sst, wird dir vorgeschlagen, deinen Namen, deine E-Mail-Adresse und deine Website in Cookies zu speichern. Das dient nur deinem Komfort, damit du diese Informationen nicht erneut eingeben musst, wenn du sp\u00e4ter einen weiteren Kommentar hinterl\u00e4sst. Diese Cookies verfallen nach einem Jahr.  <\/p>\n\n\n\n<p>Wenn du ein Konto hast und dich auf dieser Website anmeldest, wird ein tempor\u00e4res Cookie erstellt, um festzustellen, ob dein Browser Cookies akzeptiert. Es enth\u00e4lt keine personenbezogenen Daten und wird automatisch gel\u00f6scht, wenn du deinen Browser schlie\u00dft. <\/p>\n\n\n\n<p>Wenn du dich anmeldest, setzen wir eine Reihe von Cookies, um deine Anmeldeinformationen und deine Anzeigeeinstellungen zu speichern. Die Lebensdauer eines Login-Cookies betr\u00e4gt zwei Tage, die eines Cookies f\u00fcr Anzeigeoptionen ein Jahr. Wenn du \u201eAngemeldet bleiben\u201c ausw\u00e4hlst, wird dein Login-Cookie zwei Wochen lang gespeichert. Wenn du dich von deinem Konto abmeldest, wird das Login-Cookie gel\u00f6scht.   <\/p>\n\n\n\n<p>Wenn du einen Beitrag bearbeitest oder ver\u00f6ffentlichst, wird ein zus\u00e4tzliches Cookie in deinem Browser gespeichert. Dieses Cookie enth\u00e4lt keine personenbezogenen Daten. Es zeigt lediglich die ID des Beitrags an, den du gerade bearbeitet hast. Es verf\u00e4llt nach einem Tag.   <\/p>\n\n\n\n<p><strong>Cookies von Drittanbietern<\/strong><\/p>\n\n\n\n<p>Beitr\u00e4ge auf dieser Website k\u00f6nnen eingebettete Inhalte enthalten (z. B. Videos, Bilder, Beitr\u00e4ge \u2026). Eingebettete Inhalte von anderen Websites verhalten sich genauso, als ob der Besucher diese andere Website besuchen w\u00fcrde. <\/p>\n\n\n\n<p>Diese Websites k\u00f6nnten Daten \u00fcber dich sammeln, Cookies verwenden, Tracking-Tools von Drittanbietern einbinden und deine Interaktionen mit diesen eingebetteten Inhalten verfolgen, wenn du ein Konto hast und auf deren Website angemeldet bist.<\/p>\n\n\n\n<p>Wir k\u00f6nnen bestimmten kommerziellen Partnern erlauben, Technologien auf unserer Website zu installieren. Diese Partner nutzen diese Technologien, um uns dabei zu helfen, zu analysieren, wie du die Website nutzt, z. B. indem sie die Drittanbieter-Dienste erfassen, \u00fcber die du auf die Plattform gelangt bist, unsere Dienstleistungen auf unserer Website und auf Websites Dritter zu vermarkten und zu bewerben, uns bei der Erkennung und Verhinderung von Betrug oder bei Risikobewertungen zu unterst\u00fctzen oder Informationen \u00fcber deine Aktivit\u00e4ten auf der Website zu sammeln. <\/p>\n\n\n\n<p>Unsere Website kann Social Plugins verwenden, die von Drittunternehmen bereitgestellt und betrieben werden, wie z. B. den \u201eGef\u00e4llt mir\u201c-Button von Facebook. Dadurch kannst du dem Drittanbieter Informationen dar\u00fcber \u00fcbermitteln, was du in einem bestimmten Bereich unserer Website ansiehst. Wenn du nicht bei deinem Konto des Drittanbieters angemeldet bist, kann dieser deine Identit\u00e4t nicht kennen. Wenn du bei deinem Konto des Drittanbieters angemeldet bist, kann dieser die Informationen oder Handlungen im Zusammenhang mit deinen Interaktionen mit unserer Website dem Konto zuordnen, das du bei dem betreffenden Drittanbieter hast. Bitte lies die Datenschutzerkl\u00e4rungen des Drittanbieters, um mehr \u00fcber dessen Datenpraktiken zu erfahren.    <\/p>\n\n\n\n<p>Die Liste der auf dieser Website verwendeten Cookies von Drittanbietern ist \u00fcber das <a href=\"https:\/\/www.campingdeslacs.fr\/de\/datenschutzerklaerung\/#moove_gdpr_cookie_modal\">Cookie-Verwaltungspanel<\/a> verf\u00fcgbar.<\/p>\n\n\n\n<h2 class=\"wp-block-heading has-base-2-color has-text-color has-link-color wp-elements-e30eb36c85111f5ada2fa29d26de4104\" id=\"gdpr-7\">Statistiken und Reichweitenmessung<\/h2>\n\n\n\n<p>F\u00fcr Analysen arbeiten wir mit Google Analytics, um Informationen \u00fcber die Nutzung unserer Website zu erhalten und diese zu verbessern. Dies kann \u00fcber das <a href=\"https:\/\/www.campingdeslacs.fr\/de\/datenschutzerklaerung\/#moove_gdpr_cookie_modal\">Cookie-Verwaltungspanel<\/a> deaktiviert werden. <\/p>\n\n\n\n<p>Um zu verhindern, dass Google Analytics deine Informationen zu Analysezwecken verwendet, kannst du auch das Browser-Add-on zur Deaktivierung von Google Analytics installieren, indem du <a href=\"https:\/\/tools.google.com\/dlpage\/gaoptout\" rel=\"noreferrer noopener\" target=\"_blank\">hier<\/a> klickst. Bitte beachte, dass wir keine Kontrolle \u00fcber diesen Deaktivierungslink haben und nicht f\u00fcr die Verf\u00fcgbarkeit oder die Genauigkeit dieses Mechanismus verantwortlich sind. Sieh dir <a href=\"https:\/\/support.google.com\/analytics\/answer\/6004245\" rel=\"noreferrer noopener\" target=\"_blank\">diese Dokumentation<\/a> an, um weitere Informationen zu erhalten.  <\/p>\n\n\n\n<h2 class=\"wp-block-heading has-base-2-color has-text-color has-link-color wp-elements-cb776723fe81d24fbdb9e559ebb503f4\" id=\"gdpr-8\">Speicherdauer deiner Daten<\/h2>\n\n\n\n<p>Wenn du einen Kommentar hinterl\u00e4sst, werden der Kommentar und seine Metadaten unbegrenzt gespeichert. So k\u00f6nnen nachfolgende Kommentare automatisch erkannt und freigegeben werden, statt sie in der Moderationswarteschlange zu belassen. <\/p>\n\n\n\n<p>F\u00fcr Nutzerinnen und Nutzer, die sich auf unserer Website registrieren (sofern dies m\u00f6glich ist), speichern wir au\u00dferdem die personenbezogenen Daten, die in ihrem Profil angegeben sind. Alle Nutzerinnen und Nutzer k\u00f6nnen ihre personenbezogenen Informationen jederzeit einsehen, \u00e4ndern oder l\u00f6schen (mit Ausnahme ihres Benutzernamens). Die Administratoren der Website k\u00f6nnen diese Informationen ebenfalls einsehen und \u00e4ndern.  <\/p>\n\n\n\n<h2 class=\"wp-block-heading has-base-2-color has-text-color has-link-color wp-elements-10cda40df47b6fc9d00fcc9be9e3f87a\" id=\"gdpr-9\">Deine Rechte in Bezug auf deine Daten<\/h2>\n\n\n\n<p>Wenn du ein Konto hast oder Kommentare auf der Website hinterlassen hast, kannst du anfordern, eine Datei mit allen personenbezogenen Daten zu erhalten, die wir \u00fcber dich besitzen, einschlie\u00dflich der Daten, die du uns bereitgestellt hast. Du kannst auch die L\u00f6schung der dich betreffenden personenbezogenen Daten verlangen. Dies betrifft nicht Daten, die zu administrativen oder rechtlichen Zwecken oder aus Sicherheitsgr\u00fcnden gespeichert werden.  <\/p>\n\n\n\n<h2 class=\"wp-block-heading has-base-2-color has-text-color has-link-color wp-elements-eb64f0cbb63197dda7ea77192c9f1d4e\" id=\"gdpr-10\">Weitergabe deiner personenbezogenen Daten<\/h2>\n\n\n\n<p>Kommentare von Besuchern k\u00f6nnen mithilfe eines automatisierten Dienstes zur Erkennung unerw\u00fcnschter Kommentare \u00fcberpr\u00fcft werden<br\/>Alle personenbezogenen Daten, die wir verarbeiten, werden im Herzen der Europ\u00e4ischen Union verarbeitet.<\/p>\n\n\n\n<h2 class=\"wp-block-heading has-base-2-color has-text-color has-link-color wp-elements-8c2bb3c6d2c5cda44e877dac36bed78d\" id=\"gdpr-11\">Wie wir deine Daten sch\u00fctzen<\/h2>\n\n\n\n<p>Wir implementieren und aktualisieren fortlaufend die <strong>Sicherheit<\/strong> der Website, um deine Informationen vor unbefugtem Zugriff, Verlust, Zerst\u00f6rung oder Ver\u00e4nderung zu sch\u00fctzen. Wir arbeiten daher daran, deine Daten so widerstandsf\u00e4hig wie m\u00f6glich zu machen. Da das Internet keine zu 100 % sichere Umgebung ist, k\u00f6nnen wir die Sicherheit der \u00dcbertragung oder Speicherung deiner Informationen nicht vollst\u00e4ndig garantieren.  <\/p>\n\n\n\n<h2 class=\"wp-block-heading has-base-2-color has-text-color has-link-color wp-elements-0ecc9555452fe60a3568211ea5cd35b5\" id=\"gdpr-12\">Kontaktinformationen<\/h2>\n\n\n\n<p>Bei Anfragen oder Fragen zu deinen personenbezogenen Daten kontaktiere uns \u00fcber die Kontaktdaten in unserem <a href=\"https:\/\/www.campingdeslacs.fr\/de\/impressum\/\">Impressum<\/a>. Bitte beachte, dass wir dich bitten k\u00f6nnen, deine Identit\u00e4t zu best\u00e4tigen, bevor wir weitere Schritte in Bezug auf deine Anfrage unternehmen. <\/p>\n<\/div>\n","protected":false},"excerpt":{"rendered":"<p>Datenschutzerkl\u00e4rung Diese Datenschutzerkl\u00e4rung beschreibt die personenbezogenen Daten, die erhoben oder erzeugt (verarbeitet) werden, wenn du die Website nutzt. Diese Datenschutzerkl\u00e4rung beschreibt die Arten personenbezogener Daten, die bei der Nutzung unserer Website erhoben werden, sowie wie deine personenbezogenen Daten verwendet, weitergegeben und gesch\u00fctzt werden. Sie erkl\u00e4rt au\u00dferdem, welche Wahlm\u00f6glichkeiten du in Bezug auf deine personenbezogenen Daten [&hellip;]<\/p>\n","protected":false},"author":1,"featured_media":2072,"parent":0,"menu_order":0,"comment_status":"closed","ping_status":"closed","template":"","meta":{"_seopress_robots_primary_cat":"","_seopress_titles_title":"Datenschutzerkl\u00e4rung","_seopress_titles_desc":"Erfahre, wie wir deine personenbezogenen Daten und deine Rechte daran sch\u00fctzen. Transparenz und Sicherheit haben f\u00fcr uns Priorit\u00e4t. Kontaktiere uns f\u00fcr weitere Infos.  ","_seopress_robots_index":"ja","_gt_ctv_global_id":"","_gt_ctv_id_group":false,"inline_featured_image":false,"gt_fse_maillage_image":"https:\/\/www.campingdeslacs.fr\/wp-content\/uploads\/2026\/02\/plage-camping-des-lacs.jpg","gt_fse_maillage_titre":"Datenschutzerkl\u00e4rung","gt_fse_maillage_alt":"Datenschutzerkl\u00e4rung","gt_fse_maillage_resume":"","footnotes":""},"categories":[],"tags":[],"class_list":["post-4204","page","type-page","status-publish","has-post-thumbnail","hentry"],"_links":{"self":[{"href":"https:\/\/www.campingdeslacs.fr\/de\/wp-json\/wp\/v2\/pages\/4204","targetHints":{"allow":["GET"]}}],"collection":[{"href":"https:\/\/www.campingdeslacs.fr\/de\/wp-json\/wp\/v2\/pages"}],"about":[{"href":"https:\/\/www.campingdeslacs.fr\/de\/wp-json\/wp\/v2\/types\/page"}],"author":[{"embeddable":true,"href":"https:\/\/www.campingdeslacs.fr\/de\/wp-json\/wp\/v2\/users\/1"}],"replies":[{"embeddable":true,"href":"https:\/\/www.campingdeslacs.fr\/de\/wp-json\/wp\/v2\/comments?post=4204"}],"version-history":[{"count":3,"href":"https:\/\/www.campingdeslacs.fr\/de\/wp-json\/wp\/v2\/pages\/4204\/revisions"}],"predecessor-version":[{"id":4472,"href":"https:\/\/www.campingdeslacs.fr\/de\/wp-json\/wp\/v2\/pages\/4204\/revisions\/4472"}],"wp:featuredmedia":[{"embeddable":true,"href":"https:\/\/www.campingdeslacs.fr\/de\/wp-json\/wp\/v2\/media\/2072"}],"wp:attachment":[{"href":"https:\/\/www.campingdeslacs.fr\/de\/wp-json\/wp\/v2\/media?parent=4204"}],"wp:term":[{"taxonomy":"category","embeddable":true,"href":"https:\/\/www.campingdeslacs.fr\/de\/wp-json\/wp\/v2\/categories?post=4204"},{"taxonomy":"post_tag","embeddable":true,"href":"https:\/\/www.campingdeslacs.fr\/de\/wp-json\/wp\/v2\/tags?post=4204"}],"curies":[{"name":"wp","href":"https:\/\/api.w.org\/{rel}","templated":true}]}}