{"id":4192,"date":"2025-10-31T09:43:12","date_gmt":"2025-10-31T08:43:12","guid":{"rendered":"https:\/\/www.campingdeslacs.fr\/impressum\/"},"modified":"2026-03-19T15:54:40","modified_gmt":"2026-03-19T14:54:40","slug":"impressum","status":"publish","type":"page","link":"https:\/\/www.campingdeslacs.fr\/de\/impressum\/","title":{"rendered":"Impressum"},"content":{"rendered":"\n<div class=\"wp-block-group content has-base-2-color has-custom-color-1-background-color has-text-color has-background has-link-color wp-elements-21b77d69c26c2d515eb759f9afdeb9f8 has-global-padding is-layout-constrained wp-container-core-group-is-layout-575323ec wp-block-group-is-layout-constrained\" style=\"margin-top:0px;margin-bottom:0px;padding-top:4rem;padding-right:8rem;padding-bottom:12rem;padding-left:8rem\">\n<h1 class=\"wp-block-heading has-text-align-center big-title has-custom-color-4-color has-text-color has-link-color has-modefun-font-family has-xx-large-font-size wp-elements-fd4ae0c7b53bd8dddeb714fc7c65e892\" style=\"margin-bottom:4rem;line-height:1\">Impressum<\/h1>\n\n\n\n<h2 class=\"wp-block-heading has-base-2-color has-text-color has-link-color wp-elements-090d189e2ca3bb0b007d60bdbb6aa8b3\">Verantwortlich f\u00fcr die Website<\/h2>\n\n\n\n<p><strong>LAC DE L\u2019IMPACTITE (CAMPING DES LACS)<\/strong><br\/>Plage de la Guerlie 16150 Pressignac<br\/>Tel. 05 45 31 89 03<br\/>E-Mail: info@campingdeslacs.fr<br\/>SIRET: 81860859800020<br\/>Stammkapital: 10.000 \u20ac<br\/>USt-IdNr.: FR79818608598<br\/>Verantwortlich f\u00fcr die Ver\u00f6ffentlichung: Nathalie und Emmanuel Gougeon<\/p>\n\n\n\n<h2 class=\"wp-block-heading has-base-2-color has-text-color has-link-color wp-elements-12b78a3d35445667a0f6bcf684eec593\">Realisation<\/h2>\n\n\n\n<p><strong>GEEK TONIC<\/strong><br\/>Vertreten durch Herrn Yohann Darmayan in seiner Funktion als Gesch\u00e4ftsf\u00fchrer<br\/>Stammsitz: 16 chemin de Sabalce 64100 Bayonne<br\/>Tel: 05 32 74 11 52<br\/>E-Mail: support@geek-tonic.com<br\/>Website: <a href=\"https:\/\/www.geek-tonic.com\/\" target=\"_blank\" rel=\"noreferrer noopener\">www.geek-tonic.com<\/a><br\/>SIRET: 89746755100031<br\/>APE: 6201Z<\/p>\n\n\n\n<h2 class=\"wp-block-heading has-base-2-color has-text-color has-link-color wp-elements-db4b10dcc672f4b47070e069e85e8e01\">Urheberrechte und Copyrights<\/h2>\n\n\n\n<p>Der gesamte Inhalt dieser Website unterliegt dem Urheberrecht sowie dem geistigen Eigentum der franz\u00f6sischen Gesetzgebung. Jede Vervielf\u00e4ltigung (einschlie\u00dflich Fotos, Icons und herunterladbarer Dokumente) ist ohne vorherige Zustimmung von GEEK TONIC untersagt. Die Vervielf\u00e4ltigung der gesamten Website oder von Teilen davon auf einem elektronischen Datentr\u00e4ger oder in Papierform ist verboten. GEEK TONIC lehnt jede Verantwortung f\u00fcr die auf der Website vorhandenen Inhalte ab. GEEK TONIC lehnt ebenfalls jede Verantwortung f\u00fcr externe Links ab, die auf die vorliegende Website verweisen.   <\/p>\n\n\n\n<h2 class=\"wp-block-heading has-base-2-color has-text-color has-link-color wp-elements-653ce8b0bd46239cdad6eb582945547c\" id=\"m-t-6\">Pers\u00f6nliche Daten und personenbezogene Informationen<\/h2>\n\n\n\n<p>Du hast gem\u00e4\u00df Artikel 34 des Gesetzes \u201eInformatique et Libert\u00e9s\u201c Nr. 78-17 vom 6. Januar 1978, ge\u00e4ndert am 6. August 2018, ein Recht auf Zugang, \u00c4nderung, Berichtigung und L\u00f6schung der dich betreffenden Daten. Um dieses Zugangsrecht auszu\u00fcben, kannst du dies durch eine einfache schriftliche Anfrage an den Herausgeber der Website tun. <\/p>\n\n\n\n<h2 class=\"wp-block-heading\">Gesetzgebung<\/h2>\n\n\n\n<p>Gem\u00e4\u00df dem Gesetz vom 11. M\u00e4rz 1957 (Art. 41) und dem Gesetzbuch \u00fcber geistiges Eigentum vom 1. Juli 1992 ist es untersagt, Teile der Website ohne vorherige Genehmigung des Herausgebers der Website teilweise oder vollst\u00e4ndig zu vervielf\u00e4ltigen. Logos, Visuals, Fotos, Videos, grafische Gestaltungen und Texte sind Eigentum ihrer jeweiligen Inhaber. Diese Website kann ohne ihr Wissen \u00fcber Hyperlinks mit anderen Websites verkn\u00fcpft worden sein. Der Herausgeber der Website lehnt jede Verantwortung f\u00fcr die auf diesen anderen Websites dargestellten Informationen ab. Der Internetnutzer erkennt an, dass die Nutzung dieser Website dem franz\u00f6sischen Recht unterliegt.    <\/p>\n\n\n\n<h2 class=\"wp-block-heading\" id=\"m-t-6\">Verantwortung f\u00fcr rechtliche Inhalte<\/h2>\n\n\n\n<p>Als Eigent\u00fcmer deiner Website liegt es in deiner Verantwortung sicherzustellen, dass die Seiten Impressum und Datenschutzbestimmungen mit den geltenden Gesetzen \u00fcbereinstimmen, insbesondere mit der DSGVO (Datenschutz-Grundverordnung) f\u00fcr Websites, die personenbezogene Daten sammeln. Diese Seiten m\u00fcssen regelm\u00e4\u00dfig aktualisiert werden und die rechtlichen Informationen und Praktiken deines Unternehmens sowie die durchgef\u00fchrten Verarbeitungen personenbezogener Daten transparent widerspiegeln. <\/p>\n\n\n\n<p>Unsere Agentur kann dich bei der technischen Umsetzung dieser Seiten unterst\u00fctzen, aber du bleibst f\u00fcr den darin enthaltenen rechtlichen Inhalt verantwortlich. Wir empfehlen dir dringend, einen Rechtsexperten zu konsultieren, um zu gew\u00e4hrleisten, dass dein Impressum und deine Datenschutzbestimmungen der f\u00fcr deine T\u00e4tigkeit geltenden Gesetzgebung entsprechen. Kontaktiere uns bei Bedarf, wir k\u00f6nnen dich an eine Partneranw\u00e4ltin weiterleiten.  <\/p>\n<\/div>\n","protected":false},"excerpt":{"rendered":"<p>Impressum Verantwortlich f\u00fcr die Website LAC DE L\u2019IMPACTITE (CAMPING DES LACS)Plage de la Guerlie 16150 PressignacTel. 05 45 31 89 03E-Mail: info@campingdeslacs.frSIRET: 81860859800020Stammkapital: 10.000 \u20acUSt-IdNr.: FR79818608598Verantwortlich f\u00fcr die Ver\u00f6ffentlichung: Nathalie und Emmanuel Gougeon Realisation GEEK TONICVertreten durch Herrn Yohann Darmayan in seiner Funktion als Gesch\u00e4ftsf\u00fchrerStammsitz: 16 chemin de Sabalce 64100 BayonneTel: 05 32 74 11 [&hellip;]<\/p>\n","protected":false},"author":1,"featured_media":2072,"parent":0,"menu_order":0,"comment_status":"closed","ping_status":"closed","template":"","meta":{"_seopress_robots_primary_cat":"","_seopress_titles_title":"","_seopress_titles_desc":"Stelle mit unserer Hilfe die DSGVO-Konformit\u00e4t deiner Website sicher. Kontaktiere uns f\u00fcr Expertenrat zu Impressum und Datenschutzbestimmungen. ","_seopress_robots_index":"ja","_gt_ctv_global_id":"","_gt_ctv_id_group":false,"inline_featured_image":false,"gt_fse_maillage_image":"https:\/\/www.campingdeslacs.fr\/wp-content\/uploads\/2026\/02\/plage-camping-des-lacs.jpg","gt_fse_maillage_titre":"Impressum","gt_fse_maillage_alt":"Impressum","gt_fse_maillage_resume":"","footnotes":""},"categories":[],"tags":[],"class_list":["post-4192","page","type-page","status-publish","has-post-thumbnail","hentry"],"_links":{"self":[{"href":"https:\/\/www.campingdeslacs.fr\/de\/wp-json\/wp\/v2\/pages\/4192","targetHints":{"allow":["GET"]}}],"collection":[{"href":"https:\/\/www.campingdeslacs.fr\/de\/wp-json\/wp\/v2\/pages"}],"about":[{"href":"https:\/\/www.campingdeslacs.fr\/de\/wp-json\/wp\/v2\/types\/page"}],"author":[{"embeddable":true,"href":"https:\/\/www.campingdeslacs.fr\/de\/wp-json\/wp\/v2\/users\/1"}],"replies":[{"embeddable":true,"href":"https:\/\/www.campingdeslacs.fr\/de\/wp-json\/wp\/v2\/comments?post=4192"}],"version-history":[{"count":2,"href":"https:\/\/www.campingdeslacs.fr\/de\/wp-json\/wp\/v2\/pages\/4192\/revisions"}],"predecessor-version":[{"id":4301,"href":"https:\/\/www.campingdeslacs.fr\/de\/wp-json\/wp\/v2\/pages\/4192\/revisions\/4301"}],"wp:featuredmedia":[{"embeddable":true,"href":"https:\/\/www.campingdeslacs.fr\/de\/wp-json\/wp\/v2\/media\/2072"}],"wp:attachment":[{"href":"https:\/\/www.campingdeslacs.fr\/de\/wp-json\/wp\/v2\/media?parent=4192"}],"wp:term":[{"taxonomy":"category","embeddable":true,"href":"https:\/\/www.campingdeslacs.fr\/de\/wp-json\/wp\/v2\/categories?post=4192"},{"taxonomy":"post_tag","embeddable":true,"href":"https:\/\/www.campingdeslacs.fr\/de\/wp-json\/wp\/v2\/tags?post=4192"}],"curies":[{"name":"wp","href":"https:\/\/api.w.org\/{rel}","templated":true}]}}