{"id":4163,"date":"2026-03-05T10:26:09","date_gmt":"2026-03-05T09:26:09","guid":{"rendered":"https:\/\/www.campingdeslacs.fr\/camping-groupe-pressignac\/"},"modified":"2026-03-20T10:19:21","modified_gmt":"2026-03-20T09:19:21","slug":"campingplatz-gruppen-pressignac","status":"publish","type":"page","link":"https:\/\/www.campingdeslacs.fr\/de\/campingplatz-gruppen-pressignac\/","title":{"rendered":"Gruppen"},"content":{"rendered":"\n<div class=\"wp-block-group section-1 has-custom-color-1-background-color has-background has-global-padding is-layout-constrained wp-container-core-group-is-layout-ed0d3ee8 wp-block-group-is-layout-constrained\" style=\"margin-top:0px;margin-bottom:0px;padding-right:0px;padding-left:0px\">\n<div class=\"wp-block-cover is-light\" style=\"padding-top:5rem;padding-right:10rem;padding-bottom:10rem;padding-left:6rem\"><span aria-hidden=\"true\" class=\"wp-block-cover__background has-custom-color-1-background-color has-background-dim-0 has-background-dim\"><\/span><div class=\"wp-block-cover__inner-container has-global-padding is-layout-constrained wp-container-core-cover-is-layout-d2877519 wp-block-cover-is-layout-constrained\">\n<div class=\"wp-block-columns is-layout-flex wp-container-core-columns-is-layout-65a7aca3 wp-block-columns-is-layout-flex\">\n<div class=\"wp-block-column is-vertically-aligned-top left is-layout-flow wp-block-column-is-layout-flow\" style=\"padding-top:var(--wp--preset--spacing--10)\">\n<figure class=\"wp-block-image size-full has-custom-border\"><img decoding=\"async\" width=\"2000\" height=\"1125\" src=\"https:\/\/www.campingdeslacs.fr\/wp-content\/uploads\/2026\/03\/loisirs-camping-familial-charente.jpg\" alt=\"Freizeit Familiencamping Charente\" class=\"wp-image-3344\" style=\"border-top-left-radius:200px;border-top-right-radius:0px;border-bottom-left-radius:0px;border-bottom-right-radius:0px;aspect-ratio:4\/3;object-fit:cover\" \/><\/figure>\n\n\n\n<figure class=\"wp-block-image size-full has-custom-border\"><img decoding=\"async\" width=\"1000\" height=\"563\" src=\"https:\/\/www.campingdeslacs.fr\/wp-content\/uploads\/2026\/03\/groupe-au-camping-pres-de-limoge.jpg\" alt=\"Gruppe auf dem Campingplatz bei Limoges\" class=\"wp-image-3399\" style=\"border-bottom-right-radius:200px\" \/><\/figure>\n<\/div>\n\n\n\n<div class=\"wp-block-column is-vertically-aligned-center right is-layout-flow wp-block-column-is-layout-flow\" style=\"padding-bottom:var(--wp--preset--spacing--40)\">\n<h1 class=\"wp-block-heading big-title has-custom-color-4-color has-text-color has-link-color has-modefun-font-family has-xx-large-font-size wp-elements-0e09fd146f4c77e4a737cc73f1ead642\" style=\"margin-bottom:4rem;line-height:1\">Idealer Campingplatz f\u00fcr Gruppen in der N\u00e4he von Limoges<\/h1>\n\n\n\n<p class=\"has-base-color has-text-color has-link-color wp-elements-49794f666431ef70b0823a4c4cc6d19d\">In der N\u00e4he von Limoges gelegen, ist der Camping des Lacs perfekt ausgestattet, um alle Arten von Gruppen in einem nat\u00fcrlichen und geselligen Rahmen zu empfangen. Ob f\u00fcr <strong>Cousinentreffen<\/strong>, <strong>Hochzeiten<\/strong>, <strong>Geburtstage<\/strong>, <strong>Seminare<\/strong> oder <strong>Vereinstreffen<\/strong> <strong> \u2013 unser <a href=\"https:\/\/www.campingdeslacs.fr\/de\/\" data-type=\"page\" data-id=\"5\">Camping in der Charente<\/a> bietet dir angepasste R\u00e4umlichkeiten und komfortable Unterk\u00fcnfte. Zwischen gro\u00dfen Gr\u00fcnfl\u00e4chen, Seen und vielf\u00e4ltigen Aktivit\u00e4ten kann jede Gruppe die Natur, Entspannung und Freizeit in vollen Z\u00fcgen genie\u00dfen \u2013 f\u00fcr einen unvergesslichen Aufenthalt, der ganz nach deinen Bed\u00fcrfnissen organisiert ist.<\/strong>  <\/p>\n<\/div>\n<\/div>\n<\/div><\/div>\n<\/div>\n\n<div class=\"wp-block-group section-6 has-global-padding is-layout-constrained wp-container-core-group-is-layout-c5903013 wp-block-group-is-layout-constrained\" style=\"padding-right:0px;padding-left:0px\">\n<div class=\"wp-block-group shape has-custom-color-1-background-color has-background has-global-padding is-layout-constrained wp-container-core-group-is-layout-12243e0f wp-block-group-is-layout-constrained\" style=\"border-radius:0px\"><\/div>\n\n\n\n<div class=\"wp-block-group icon-top has-custom-color-3-background-color has-background has-global-padding is-layout-constrained wp-block-group-is-layout-constrained\" style=\"border-bottom-left-radius:0px;border-bottom-right-radius:50px\">\n<figure class=\"wp-block-image size-full is-resized\"><img decoding=\"async\" width=\"51\" height=\"51\" src=\"https:\/\/www.campingdeslacs.fr\/wp-content\/uploads\/2026\/02\/maison.svg\" alt=\"Haus\" class=\"wp-image-2171\" style=\"width:80px\" \/><\/figure>\n<\/div>\n\n\n\n<div class=\"wp-block-group has-global-padding is-layout-constrained wp-container-core-group-is-layout-c5903013 wp-block-group-is-layout-constrained\" style=\"padding-right:0px;padding-left:0px\">\n<div class=\"wp-block-cover\" style=\"min-height:120vh;aspect-ratio:unset;\"><img decoding=\"async\" width=\"1920\" height=\"1150\" class=\"wp-block-cover__image-background wp-image-2255 size-full\" alt=\"chemins flower les lacs\" src=\"https:\/\/www.campingdeslacs.fr\/wp-content\/uploads\/2026\/02\/chemins-flower-les-lacs.webp\" data-object-fit=\"cover\" \/><span aria-hidden=\"true\" class=\"wp-block-cover__background has-background-dim-0 has-background-dim\" style=\"background-color:#6b6c40\"><\/span><div class=\"wp-block-cover__inner-container has-global-padding is-layout-constrained wp-block-cover-is-layout-constrained\"><a     class=\"wp-block-tiptip-hyperlink-group-block\" >\n<div class=\"wp-block-group card-content has-base-2-background-color has-background has-global-padding is-layout-constrained wp-container-core-group-is-layout-bf816c8d wp-block-group-is-layout-constrained\" style=\"border-bottom-left-radius:0px;border-bottom-right-radius:100px;padding-top:20px;padding-right:20px;padding-bottom:20px;padding-left:20px\">\n<figure class=\"wp-block-image size-large is-resized has-custom-border\"><img decoding=\"async\" width=\"1024\" height=\"576\" src=\"https:\/\/www.campingdeslacs.fr\/wp-content\/uploads\/2026\/03\/Location-salle-mariage-camping-charente-1024x576.jpg\" alt=\"Vermietung Hochzeitssaal Camping Charente\" class=\"wp-image-3421\" style=\"border-top-left-radius:0px;border-top-right-radius:0px;border-bottom-left-radius:100px;border-bottom-right-radius:100px;aspect-ratio:1.4993133532595524;width:580px;height:auto\" \/><\/figure>\n<\/div>\n<\/a><\/div><\/div>\n<\/div>\n\n\n\n<div class=\"wp-block-group content has-custom-color-1-background-color has-background has-global-padding is-layout-constrained wp-container-core-group-is-layout-de465587 wp-block-group-is-layout-constrained\" style=\"margin-top:0px;margin-bottom:0px;padding-top:0;padding-right:20rem;padding-bottom:10rem;padding-left:20rem\">\n<div class=\"wp-block-group shape has-custom-color-1-background-color has-background has-global-padding is-layout-constrained wp-container-core-group-is-layout-12243e0f wp-block-group-is-layout-constrained\" style=\"border-radius:0px\"><\/div>\n\n\n\n<h2 class=\"wp-block-heading has-text-align-center big-title has-base-2-color has-text-color has-link-color wp-elements-2422b5a814fd013df4e46350094b4c4f\" style=\"margin-bottom:2rem\">Familienfeier, Seminar? <br \/><strong>W\u00e4hle unseren Campingplatz<\/strong><\/h2>\n\n\n\n<p class=\"has-text-align-center has-base-2-color has-text-color has-link-color wp-elements-645605fd208caf84c598e47fc6b19920\">Der Camping des Lacs bei Limoges ist der ideale Ort, um alle Arten von Gruppen in einem <strong>nat\u00fcrlichen<\/strong> und <strong>geselligen<\/strong> <strong>Rahmen<\/strong> zu empfangen. <\/p>\n\n\n\n<p class=\"has-text-align-center has-base-2-color has-text-color has-link-color wp-elements-48de3b3f1b1d2de7d356fde036418da8\">Egal, ob du ein Cousinentreffen, eine Hochzeit, einen Geburtstag, ein Seminar oder ein Vereinstreffen organisierst, der <a href=\"https:\/\/www.campingdeslacs.fr\/de\/familiencamping-pressignac\/\" data-type=\"page\" data-id=\"6\">Campingplatz mit Service in der N\u00e4he von Limoges<\/a> bietet dir <strong>vielf\u00e4ltige<\/strong> <strong>Unterk\u00fcnfte<\/strong>, um jeden Teilnehmer komfortabel unterzubringen.<\/p>\n\n\n\n<p class=\"has-text-align-center has-base-2-color has-text-color has-link-color wp-elements-00d14b96fa291037dd8be35fc32cbd29\">Ein <strong>gro\u00dfer Festsaal<\/strong> mit ausgestatteter K\u00fcche kann gemietet werden \u2013 perfekt, um eure Mahlzeiten v\u00f6llig autonom zuzubereiten und gemeinsam zu genie\u00dfen. Gruppen profitieren au\u00dferdem vom Zugang zum Aquabereich des Campingplatzes f\u00fcr Momente der Entspannung und des Vergn\u00fcgens. Zwischen Natur, Weite und angepassten Serviceleistungen bietet der Campingplatz f\u00fcr Gruppen in der N\u00e4he von Limoges den idealen Rahmen f\u00fcr gesellige, sportliche und festliche Momente mit der Familie, Freunden oder Kollegen, w\u00e4hrend man die Sch\u00f6nheit der Charente Limousine genie\u00dft. So kann jedes Event unter den <strong>besten<\/strong> <strong>Bedingungen<\/strong> stattfinden und <strong>Komfort<\/strong>, <strong>Freiheit<\/strong> sowie <strong>Geselligkeit<\/strong> vereinen.   <\/p>\n\n\n\n<div class=\"wp-block-group shape bottom has-custom-color-1-background-color has-background has-global-padding is-layout-constrained wp-container-core-group-is-layout-12243e0f wp-block-group-is-layout-constrained\" style=\"border-radius:0px\"><\/div>\n<\/div>\n<\/div>\n\n<div class=\"wp-block-group section-4 has-global-padding is-layout-constrained wp-container-core-group-is-layout-f7256455 wp-block-group-is-layout-constrained\" style=\"margin-top:0px;padding-right:0px;padding-left:0px\">\n<div class=\"wp-block-group has-base-2-background-color has-background has-global-padding is-layout-constrained wp-container-core-group-is-layout-08869aef wp-block-group-is-layout-constrained\" style=\"border-bottom-left-radius:100px;border-bottom-right-radius:0px;padding-top:2rem;padding-right:2rem;padding-bottom:6rem;padding-left:2rem\">\n<div class=\"wp-block-cover is-light gt-multiple-images-cover has-slider\" style=\"border-bottom-left-radius:100px;border-bottom-right-radius:0px;padding-top:0px;padding-right:0px;padding-bottom:0px;padding-left:0px;min-height:430px;aspect-ratio:unset;\" data-image-ids=\"[3411,3357,3429]\"><div class=\"gt-is-slider swiper-container\" data-swiper=\"{&quot;speed&quot;:1000,&quot;autoplay&quot;:{&quot;delay&quot;:2000,&quot;disableOnInteraction&quot;:false},&quot;spaceBetween&quot;:0,&quot;slidesPerView&quot;:1,&quot;pagination&quot;:{&quot;el&quot;:&quot;.swiper-pagination&quot;,&quot;dynamicBullets&quot;:true,&quot;clickable&quot;:true,&quot;type&quot;:&quot;bullets&quot;},&quot;navigation&quot;:{&quot;nextEl&quot;:&quot;.swiper-button-next&quot;,&quot;prevEl&quot;:&quot;.swiper-button-prev&quot;},&quot;breakpoints&quot;:[{&quot;slidesPerView&quot;:1}],&quot;effect&quot;:&quot;fade&quot;}\"><div class=\"swiper-wrapper\"><div class=\"swiper-slide\"><img decoding=\"async\" src=\"https:\/\/www.campingdeslacs.fr\/wp-content\/uploads\/2026\/03\/Grande-salle-de-reception-en-charente.jpg\" alt=\"Grande salle de r\u00e9ception en charente\" class=\"gt-cover-image\" \/><\/div><div class=\"swiper-slide\"><img decoding=\"async\" src=\"https:\/\/www.campingdeslacs.fr\/wp-content\/uploads\/2026\/03\/Camping-des-lacs-location-mobil-home-charente.jpg\" alt=\"Camping des lacs location mobil home charente\" class=\"gt-cover-image\" \/><\/div><div class=\"swiper-slide\"><img decoding=\"async\" src=\"https:\/\/www.campingdeslacs.fr\/wp-content\/uploads\/2026\/03\/Grande-salle-de-reception-2.jpg\" alt=\"Grande salle de r\u00e9ception\" class=\"gt-cover-image\" \/><\/div><\/div><\/div><span aria-hidden=\"true\" class=\"wp-block-cover__background has-background-dim-20 has-background-dim has-background-gradient\" style=\"background:linear-gradient(0deg,rgba(42,69,61,0.54) 0%,rgba(255,255,255,0) 100%)\"><\/span><div class=\"wp-block-cover__inner-container has-global-padding is-layout-constrained wp-container-core-cover-is-layout-f5c98baf wp-block-cover-is-layout-constrained\">\n<figure class=\"wp-block-image size-large is-resized line wp-duotone-ffffff-ffffff-1\"><img decoding=\"async\" src=\"https:\/\/www.campingdeslacs.fr\/wp-content\/uploads\/2025\/11\/line-verticale-beige.svg\" alt=\"vertikale Linie beige\" style=\"object-fit:cover;width:2px;height:50px\" \/><\/figure>\n\n\n\n<div class=\"wp-block-group icon has-global-padding is-layout-constrained wp-container-core-group-is-layout-d22ff40a wp-block-group-is-layout-constrained\" style=\"border-radius:100px;padding-top:0px;padding-right:0px;padding-bottom:0px;padding-left:0px\">\n<figure class=\"wp-block-image size-large\"><img decoding=\"async\" width=\"93\" height=\"94\" src=\"https:\/\/www.campingdeslacs.fr\/wp-content\/uploads\/2026\/02\/baignade.svg\" alt=\"Baden\" class=\"wp-image-2099\" \/><\/figure>\n<\/div>\n\n\n\n<figure class=\"wp-block-image size-large arrow-swiper\"><img decoding=\"async\" src=\"https:\/\/www.campingdeslacs.fr\/wp-content\/uploads\/2025\/10\/fleche-droite-blanc.svg\" alt=\"Pfeil rechts wei&#xDF;\" class=\"wp-image-389\" \/><\/figure>\n<\/div><\/div>\n\n\n\n<div class=\"wp-block-group content has-global-padding is-layout-constrained wp-container-core-group-is-layout-c33e39ee wp-block-group-is-layout-constrained\" style=\"padding-top:2rem;padding-right:4rem;padding-left:4rem\">\n<div class=\"wp-block-columns is-layout-flex wp-container-core-columns-is-layout-133cf375 wp-block-columns-is-layout-flex\">\n<div class=\"wp-block-column is-layout-flow wp-block-column-is-layout-flow\" style=\"flex-basis:100%\">\n<h2 class=\"wp-block-heading big-title has-custom-color-1-color has-text-color has-link-color wp-elements-3b418c34d3361119318c5481d2274b23\" style=\"margin-bottom:2rem\">Unsere Unterk\u00fcnfte f\u00fcr <strong>Gruppen in der Charente<\/strong><\/h2>\n\n\n\n<p>Der ideal gelegene Camping des Lacs bietet eine breite Palette an <strong>Unterk\u00fcnften, die f\u00fcr den Empfang von Gruppen<\/strong> in der N\u00e4he von Limoges geeignet sind, sei es f\u00fcr Seminare, Hochzeiten, Geburtstage oder Cousinentreffen. Der Campingplatz verf\u00fcgt \u00fcber <strong>voll ausgestattete Mobilheime mit 2, 3 oder 4 Schlafzimmern<\/strong>, ein <strong>gem\u00fctliches<\/strong> <strong>Chalet<\/strong> und <strong>Coco<\/strong> <strong>Sweet<\/strong>, sodass Familien, Freunde oder Kollegen komfortabel untergebracht werden k\u00f6nnen. Die <strong>ger\u00e4umigen<\/strong> <strong>Stellpl\u00e4tze<\/strong> f\u00fcr Zelte, Wohnwagen und Wohnmobile bieten zudem eine praktische L\u00f6sung f\u00fcr Gruppen, die die Natur und das Freie genie\u00dfen m\u00f6chten.  <\/p>\n\n\n\n<p>Jede Unterkunft ist darauf ausgelegt, Komfort, Geselligkeit und Praktikabilit\u00e4t zu vereinen, mit passenden Bereichen, um sich zu treffen, zu entspannen und unvergessliche Momente zu teilen. Der Campingplatz kann so <strong>Gruppen aller Gr\u00f6\u00dfen<\/strong> aufnehmen und garantiert dabei Privatsph\u00e4re, Sicherheit und die N\u00e4he zu den Serviceleistungen und Aktivit\u00e4ten vor Ort. Zwischen komfortablen Unterk\u00fcnften, weiten Fl\u00e4chen und nat\u00fcrlicher Umgebung bietet der Campingplatz f\u00fcr Gruppen in der Charente den idealen Rahmen f\u00fcr einen gelungenen Gruppenaufenthalt, der <strong>Freizeit<\/strong>, <strong>Entspannung<\/strong> und <strong>Geselligkeit<\/strong> im Herzen der Charente Limousine verbindet.  <\/p>\n<\/div>\n<\/div>\n<\/div>\n<\/div>\n<\/div>\n\n<div class=\"wp-block-group section-simple has-custom-color-1-background-color has-background has-global-padding is-layout-constrained wp-container-core-group-is-layout-b151c75b wp-block-group-is-layout-constrained\" style=\"margin-top:15rem;margin-bottom:0px;padding-right:0px;padding-bottom:var(--wp--preset--spacing--50);padding-left:0px;background-image:url(&apos;https:\/\/www.campingdeslacs.fr\/wp-content\/uploads\/2025\/10\/forme-fond-sections.svg&apos;);background-size:cover;\">\n<div class=\"wp-block-group shape has-custom-color-1-background-color has-background has-global-padding is-layout-constrained wp-container-core-group-is-layout-12243e0f wp-block-group-is-layout-constrained\" style=\"border-radius:0px\"><\/div>\n\n\n\n<div class=\"wp-block-columns is-layout-flex wp-container-core-columns-is-layout-d45b6e69 wp-block-columns-is-layout-flex\" style=\"margin-top:0px;margin-bottom:0px;padding-top:4rem;padding-right:8rem;padding-bottom:4rem;padding-left:8rem\">\n<div class=\"wp-block-column left is-layout-flow wp-block-column-is-layout-flow\" style=\"flex-basis:40%\">\n<h2 class=\"wp-block-heading big-title has-base-2-color has-text-color has-link-color wp-elements-9763801ede716c28f8d96139981382d6\" style=\"margin-bottom:2rem\">Buche den Seminarraum <br \/><strong>in der N\u00e4he von Limoges<\/strong><\/h2>\n\n\n\n<p class=\"has-base-2-color has-text-color has-link-color wp-elements-a57fdd92b4f080c8a4161991cce48214\">Auf dem Campingplatz f\u00fcr Gruppen bei Limoges ist unser <strong>Festsaal<\/strong> perfekt darauf ausgelegt, deine Events in einem geselligen und nat\u00fcrlichen Rahmen zu empfangen. <\/p>\n\n\n\n<p class=\"has-base-2-color has-text-color has-link-color wp-elements-46d4416d0c03c5bf4a7aa3292d098552\">Der gro\u00dfe Hauptsaal bietet Platz f\u00fcr <strong>bis zu 100 Personen<\/strong> und ist ideal f\u00fcr Hochzeiten, Geburtstage, Seminare oder Cousinentreffen. Er wird durch eine <strong>angrenzende<\/strong> <strong>Bar<\/strong> erg\u00e4nzt, die <strong>bis zu 50 Personen<\/strong> Platz bietet, f\u00fcr Momente der Geselligkeit und des Austauschs. <\/p>\n\n\n\n<p class=\"has-base-2-color has-text-color has-link-color wp-elements-e734a03e2e32f700acc039d43abebbf9\">Der Saal verf\u00fcgt au\u00dferdem \u00fcber eine sch\u00f6ne Terrasse mit Blick auf den Pool und eine <strong>vollst\u00e4ndig<\/strong> <strong>ausgestattete<\/strong> <strong>K\u00fcche<\/strong>, was die Zubereitung und den Service der Mahlzeiten erleichtert. In der N\u00e4he der Boule-Pl\u00e4tze und des Aquabereichs gelegen, erm\u00f6glicht er es, zwischen zwei Aktivit\u00e4ten die Freizeit im Freien zu genie\u00dfen. Dank seiner <strong>flexiblen<\/strong> <strong>R\u00e4umlichkeiten<\/strong> und seiner <strong>umfassenden<\/strong> <strong>Ausstattung<\/strong> bietet dieser Festsaal den idealen Rahmen f\u00fcr gelungene Events, die Entspannung, Geselligkeit und Vergn\u00fcgen mitten in der Natur im Herzen des Camping des Lacs vereinen.  <\/p>\n<\/div>\n\n\n\n<div class=\"wp-block-column right is-layout-flow wp-block-column-is-layout-flow\" style=\"padding-top:var(--wp--preset--spacing--30);flex-basis:60%\">\n<figure class=\"wp-block-image size-large has-custom-border\"><img decoding=\"async\" width=\"1024\" height=\"666\" src=\"https:\/\/www.campingdeslacs.fr\/wp-content\/uploads\/2026\/03\/Camping-des-lacs-salle-de-reception-1024x666.jpg\" alt=\"Camping des Lacs Festsaal\" class=\"wp-image-3990\" style=\"border-top-left-radius:0px;border-top-right-radius:0px;border-bottom-left-radius:200px;border-bottom-right-radius:0px\" \/><\/figure>\n<\/div>\n<\/div>\n\n\n\n<div class=\"wp-block-group shape bottom has-custom-color-1-background-color has-background has-global-padding is-layout-constrained wp-container-core-group-is-layout-12243e0f wp-block-group-is-layout-constrained\" style=\"border-radius:0px\"><\/div>\n<\/div>\n\n<div class=\"wp-block-group section-maillage has-custom-color-3-background-color has-background has-global-padding is-layout-constrained wp-container-core-group-is-layout-b2a531d2 wp-block-group-is-layout-constrained\" style=\"margin-top:0px;margin-bottom:0px;padding-top:var(--wp--preset--spacing--40);padding-right:0px;padding-bottom:var(--wp--preset--spacing--40);padding-left:0px\">\n<div class=\"wp-block-group shape has-custom-color-1-background-color has-background has-global-padding is-layout-constrained wp-container-core-group-is-layout-12243e0f wp-block-group-is-layout-constrained\" style=\"border-radius:0px\"><\/div>\n\n\n\n<div class=\"wp-block-group content has-global-padding is-layout-constrained wp-container-core-group-is-layout-02453b6a wp-block-group-is-layout-constrained\" style=\"margin-top:0px;margin-bottom:0px;padding-top:12rem;padding-right:8rem;padding-bottom:12rem;padding-left:8rem\">\n<p class=\"has-text-align-center has-custom-color-1-color has-text-color has-link-color has-modefun-font-family wp-elements-84088b03e6c7667ffc083fcff4c2ac11\" style=\"font-size:clamp(2.2rem, 2.2rem + ((1vw - 0.2rem) * 3), 4rem);line-height:1.1\">Entdecke auch die Pools, die Services und die Vermietungen<\/p>\n\n\n\n<div data-wp-context=\"{}\" data-wp-interactive=\"core\/query\" data-wp-key=\"3\" data-wp-router-region=\"query-3\" class=\"wp-block-query alignwide gt-fse-maillage-query is-layout-flow wp-block-query-is-layout-flow\"><ul class=\"columns-3 wp-block-post-template is-layout-grid wp-container-core-post-template-is-layout-6d3fbd8f wp-block-post-template-is-layout-grid\"><li data-wp-key=\"post-template-item-4198\" class=\"wp-block-post post-4198 page type-page status-publish has-post-thumbnail hentry\">\n\n<div class=\"wp-block-group is-layout-flow wp-block-group-is-layout-flow\">\n<figure class=\"wp-block-image has-custom-border\"><img decoding=\"async\" src=\"https:\/\/www.campingdeslacs.fr\/wp-content\/uploads\/2026\/03\/location-mobil-home-charente-1.jpg\" alt=\"Mobilheim Vermietung Charente\" style=\"border-bottom-left-radius:100px;object-fit:cover\"\/><\/figure>\n\n\n\n<p class=\"has-text-align-center has-base-2-color has-text-color has-link-color has-modefun-font-family wp-elements-1d6432bcaa2d0c4d6d719eda62cad6b5\" style=\"padding-top:var(--wp--preset--spacing--20);padding-right:var(--wp--preset--spacing--10);padding-bottom:var(--wp--preset--spacing--20);padding-left:var(--wp--preset--spacing--10);font-size:clamp(0.984rem, 0.984rem + ((1vw - 0.2rem) * 0.86), 1.5rem);line-height:1\">Unsere Mobilheime<\/p>\n\n\n<a class=\"is-style-lien-cover wp-block-read-more\" href=\"https:\/\/www.campingdeslacs.fr\/de\/mobilheim-vermietung-pressignac\/\" target=\"_self\">Weiterlesen<span class=\"screen-reader-text\">: Mobilheime<\/span><\/a><\/div>\n\n<\/li><li data-wp-key=\"post-template-item-4268\" class=\"wp-block-post post-4268 page type-page status-publish has-post-thumbnail hentry\">\n\n<div class=\"wp-block-group is-layout-flow wp-block-group-is-layout-flow\">\n<figure class=\"wp-block-image has-custom-border\"><img decoding=\"async\" src=\"https:\/\/www.campingdeslacs.fr\/wp-content\/uploads\/2026\/03\/Camping-des-lacs-piscine-charente.jpg\" alt=\"Camping des Lacs Pool Charente\" style=\"border-bottom-left-radius:100px;object-fit:cover\"\/><\/figure>\n\n\n\n<p class=\"has-text-align-center has-base-2-color has-text-color has-link-color has-modefun-font-family wp-elements-1d6432bcaa2d0c4d6d719eda62cad6b5\" style=\"padding-top:var(--wp--preset--spacing--20);padding-right:var(--wp--preset--spacing--10);padding-bottom:var(--wp--preset--spacing--20);padding-left:var(--wp--preset--spacing--10);font-size:clamp(0.984rem, 0.984rem + ((1vw - 0.2rem) * 0.86), 1.5rem);line-height:1\">Der Pool<\/p>\n\n\n<a class=\"is-style-lien-cover wp-block-read-more\" href=\"https:\/\/www.campingdeslacs.fr\/de\/beheiztem-pool-pressignac\/\" target=\"_self\">Weiterlesen<span class=\"screen-reader-text\">: Pools<\/span><\/a><\/div>\n\n<\/li><li data-wp-key=\"post-template-item-4266\" class=\"wp-block-post post-4266 page type-page status-publish has-post-thumbnail hentry\">\n\n<div class=\"wp-block-group is-layout-flow wp-block-group-is-layout-flow\">\n<figure class=\"wp-block-image has-custom-border\"><img decoding=\"async\" src=\"https:\/\/www.campingdeslacs.fr\/wp-content\/uploads\/2026\/03\/camping-familial-charente.jpg\" alt=\"Dienstleistungen und Aktivit\u00e4ten\" style=\"border-bottom-left-radius:100px;object-fit:cover\"\/><\/figure>\n\n\n\n<p class=\"has-text-align-center has-base-2-color has-text-color has-link-color has-modefun-font-family wp-elements-1d6432bcaa2d0c4d6d719eda62cad6b5\" style=\"padding-top:var(--wp--preset--spacing--20);padding-right:var(--wp--preset--spacing--10);padding-bottom:var(--wp--preset--spacing--20);padding-left:var(--wp--preset--spacing--10);font-size:clamp(0.984rem, 0.984rem + ((1vw - 0.2rem) * 0.86), 1.5rem);line-height:1\">Dienstleistungen und Aktivit\u00e4ten<\/p>\n\n\n<a class=\"is-style-lien-cover wp-block-read-more\" href=\"https:\/\/www.campingdeslacs.fr\/de\/familiencamping-pressignac\/\" target=\"_self\">Weiterlesen<span class=\"screen-reader-text\">: Dienstleistungen und Aktivit\u00e4ten<\/span><\/a><\/div>\n\n<\/li><\/ul><\/div>\n<\/div>\n<\/div>\n","protected":false},"excerpt":{"rendered":"<p>Familienfeier, Seminar? W\u00e4hle unseren Campingplatz Der Camping des Lacs bei Limoges ist der ideale Ort, um alle Arten von Gruppen in einem nat\u00fcrlichen und geselligen Rahmen zu empfangen. Egal, ob du ein Cousinentreffen, eine Hochzeit, einen Geburtstag, ein Seminar oder ein Vereinstreffen organisierst, der Campingplatz mit Service in der N\u00e4he von Limoges bietet dir vielf\u00e4ltige [&hellip;]<\/p>\n","protected":false},"author":1,"featured_media":3441,"parent":0,"menu_order":0,"comment_status":"closed","ping_status":"closed","template":"","meta":{"_seopress_robots_primary_cat":"","_seopress_titles_title":"Gruppen-Camping Charente | Geburtstag, Seminar Limoges","_seopress_titles_desc":"Organisiere dein Event in der N\u00e4he von Limoges auf dem Camping des Lacs: komfortable Unterk\u00fcnfte und ein idealer nat\u00fcrlicher Rahmen f\u00fcr einen unvergesslichen Aufenthalt.","_seopress_robots_index":"","_gt_ctv_global_id":"","_gt_ctv_id_group":false,"inline_featured_image":false,"gt_fse_maillage_image":"https:\/\/www.campingdeslacs.fr\/wp-content\/uploads\/2026\/03\/reception-groupes-charente.jpg","gt_fse_maillage_titre":"Gruppen","gt_fse_maillage_alt":"Empfang von Gruppen Charente","gt_fse_maillage_resume":"","footnotes":""},"categories":[],"tags":[],"class_list":["post-4163","page","type-page","status-publish","has-post-thumbnail","hentry"],"_links":{"self":[{"href":"https:\/\/www.campingdeslacs.fr\/de\/wp-json\/wp\/v2\/pages\/4163","targetHints":{"allow":["GET"]}}],"collection":[{"href":"https:\/\/www.campingdeslacs.fr\/de\/wp-json\/wp\/v2\/pages"}],"about":[{"href":"https:\/\/www.campingdeslacs.fr\/de\/wp-json\/wp\/v2\/types\/page"}],"author":[{"embeddable":true,"href":"https:\/\/www.campingdeslacs.fr\/de\/wp-json\/wp\/v2\/users\/1"}],"replies":[{"embeddable":true,"href":"https:\/\/www.campingdeslacs.fr\/de\/wp-json\/wp\/v2\/comments?post=4163"}],"version-history":[{"count":7,"href":"https:\/\/www.campingdeslacs.fr\/de\/wp-json\/wp\/v2\/pages\/4163\/revisions"}],"predecessor-version":[{"id":4548,"href":"https:\/\/www.campingdeslacs.fr\/de\/wp-json\/wp\/v2\/pages\/4163\/revisions\/4548"}],"wp:featuredmedia":[{"embeddable":true,"href":"https:\/\/www.campingdeslacs.fr\/de\/wp-json\/wp\/v2\/media\/3441"}],"wp:attachment":[{"href":"https:\/\/www.campingdeslacs.fr\/de\/wp-json\/wp\/v2\/media?parent=4163"}],"wp:term":[{"taxonomy":"category","embeddable":true,"href":"https:\/\/www.campingdeslacs.fr\/de\/wp-json\/wp\/v2\/categories?post=4163"},{"taxonomy":"post_tag","embeddable":true,"href":"https:\/\/www.campingdeslacs.fr\/de\/wp-json\/wp\/v2\/tags?post=4163"}],"curies":[{"name":"wp","href":"https:\/\/api.w.org\/{rel}","templated":true}]}}