{"id":4155,"date":"2026-03-05T10:51:21","date_gmt":"2026-03-05T09:51:21","guid":{"rendered":"https:\/\/www.campingdeslacs.fr\/mobilheim-kaufen-pressignac\/"},"modified":"2026-03-19T15:03:49","modified_gmt":"2026-03-19T14:03:49","slug":"mobilheim-kaufen-pressignac","status":"publish","type":"page","link":"https:\/\/www.campingdeslacs.fr\/de\/mobilheim-kaufen-pressignac\/","title":{"rendered":"Resident werden"},"content":{"rendered":"\n<div class=\"wp-block-group section-1 has-custom-color-1-background-color has-background has-global-padding is-layout-constrained wp-container-core-group-is-layout-ed0d3ee8 wp-block-group-is-layout-constrained\" style=\"margin-top:0px;margin-bottom:0px;padding-right:0px;padding-left:0px\">\n<div class=\"wp-block-cover is-light\" style=\"padding-top:5rem;padding-right:10rem;padding-bottom:10rem;padding-left:6rem\"><span aria-hidden=\"true\" class=\"wp-block-cover__background has-custom-color-1-background-color has-background-dim-0 has-background-dim\"><\/span><div class=\"wp-block-cover__inner-container has-global-padding is-layout-constrained wp-container-core-cover-is-layout-d2877519 wp-block-cover-is-layout-constrained\">\n<div class=\"wp-block-columns is-layout-flex wp-container-core-columns-is-layout-65a7aca3 wp-block-columns-is-layout-flex\">\n<div class=\"wp-block-column is-vertically-aligned-top left is-layout-flow wp-block-column-is-layout-flow\" style=\"padding-top:var(--wp--preset--spacing--10)\">\n<figure class=\"wp-block-image size-full has-custom-border\"><img decoding=\"async\" width=\"2000\" height=\"1500\" src=\"https:\/\/www.campingdeslacs.fr\/wp-content\/uploads\/2026\/03\/lac-charente-camping-familial.jpg\" alt=\"See Charente familienfreundlicher camping\" class=\"wp-image-3238\" style=\"border-top-left-radius:200px;border-top-right-radius:0px;border-bottom-left-radius:0px;border-bottom-right-radius:0px;aspect-ratio:4\/3;object-fit:cover\"\/><\/figure>\n\n\n\n<figure class=\"wp-block-image size-full has-custom-border\"><img decoding=\"async\" width=\"1920\" height=\"1080\" src=\"https:\/\/www.campingdeslacs.fr\/wp-content\/uploads\/2026\/03\/camping-peche-en-charente-pres-de-limoge.jpg\" alt=\"camping Angeln in der Charente nahe Limoges\" class=\"wp-image-3247\" style=\"border-bottom-right-radius:200px\"\/><\/figure>\n<\/div>\n\n\n\n<div class=\"wp-block-column is-vertically-aligned-center right is-layout-flow wp-block-column-is-layout-flow\" style=\"padding-bottom:var(--wp--preset--spacing--40)\">\n<h1 class=\"wp-block-heading big-title has-custom-color-4-color has-text-color has-link-color has-modefun-font-family has-xx-large-font-size wp-elements-9fbaf866e501c45885d23cf7347f6b41\" style=\"margin-bottom:4rem;line-height:1\">Resident werden im Camping des Lacs <br\/>in der Charente<\/h1>\n\n\n\n<p class=\"has-base-color has-text-color has-link-color wp-elements-7c8ea7dcde368d4eda028f5001a6d0d6\">Im Camping des Lacs kannst du das Urlaubsgef\u00fchl verl\u00e4ngern, indem du <strong>Resident<\/strong> und <strong>Eigent\u00fcmer<\/strong> deines eigenen Mobilheims wirst \u2013 nur wenige Minuten von Limoges entfernt. So genie\u00dft du einen <strong>R\u00fcckzugsort mitten in der Natur<\/strong>, in ruhiger, gr\u00fcner Umgebung, und profitierst gleichzeitig von den Services und Einrichtungen des camping. Resident zu sein bedeutet: die Freiheit, zu kommen, wann du m\u00f6chtest \u2013 f\u00fcr ein Wochenende oder l\u00e4nger \u2013 und <strong>das Leben am See<\/strong> ganz ohne Buchungszwang in vollen Z\u00fcgen zu genie\u00dfen.  <\/p>\n<\/div>\n<\/div>\n<\/div><\/div>\n<\/div>\n\n<div class=\"wp-block-group section-6 has-global-padding is-layout-constrained wp-container-core-group-is-layout-c5903013 wp-block-group-is-layout-constrained\" style=\"padding-right:0px;padding-left:0px\">\n<div class=\"wp-block-group shape has-custom-color-1-background-color has-background has-global-padding is-layout-constrained wp-container-core-group-is-layout-12243e0f wp-block-group-is-layout-constrained\" style=\"border-radius:0px\"><\/div>\n\n\n\n<div class=\"wp-block-group icon-top has-custom-color-3-background-color has-background has-global-padding is-layout-constrained wp-block-group-is-layout-constrained\" style=\"border-bottom-left-radius:0px;border-bottom-right-radius:50px\">\n<figure class=\"wp-block-image size-full is-resized\"><img decoding=\"async\" width=\"30\" height=\"20\" src=\"https:\/\/www.campingdeslacs.fr\/wp-content\/uploads\/2026\/02\/vague-double.svg\" alt=\"Doppelwelle\" class=\"wp-image-2219\" style=\"width:80px\"\/><\/figure>\n<\/div>\n\n\n\n<div class=\"wp-block-group has-global-padding is-layout-constrained wp-container-core-group-is-layout-c5903013 wp-block-group-is-layout-constrained\" style=\"padding-right:0px;padding-left:0px\">\n<div class=\"wp-block-cover is-light\" style=\"min-height:120vh;aspect-ratio:unset;\"><img decoding=\"async\" width=\"2560\" height=\"1920\" class=\"wp-block-cover__image-background wp-image-2699 size-full\" alt=\"Camping des lacs VladimirPlavac\" src=\"https:\/\/www.campingdeslacs.fr\/wp-content\/uploads\/2026\/03\/Camping-des-lacs_VladimirPlavac-35_0-scaled.jpg\" data-object-fit=\"cover\"\/><span aria-hidden=\"true\" class=\"wp-block-cover__background has-background-dim-0 has-background-dim\" style=\"background-color:#a19f8d\"><\/span><div class=\"wp-block-cover__inner-container has-global-padding is-layout-constrained wp-block-cover-is-layout-constrained\"><a     class=\"wp-block-tiptip-hyperlink-group-block\" >\n<div class=\"wp-block-group card-content has-base-2-background-color has-background has-global-padding is-layout-constrained wp-container-core-group-is-layout-bf816c8d wp-block-group-is-layout-constrained\" style=\"border-bottom-left-radius:0px;border-bottom-right-radius:100px;padding-top:20px;padding-right:20px;padding-bottom:20px;padding-left:20px\">\n<figure class=\"wp-block-image size-full is-resized has-custom-border\"><img decoding=\"async\" width=\"1920\" height=\"1080\" src=\"https:\/\/www.campingdeslacs.fr\/wp-content\/uploads\/2026\/03\/camping-des-lacs-avec-piscine-2.jpg\" alt=\"camping des lacs mit Pool ()\" class=\"wp-image-2749\" style=\"border-top-left-radius:0px;border-top-right-radius:0px;border-bottom-left-radius:100px;border-bottom-right-radius:100px;aspect-ratio:1.4993133532595524;width:580px;height:auto\"\/><\/figure>\n<\/div>\n<\/a><\/div><\/div>\n<\/div>\n\n\n\n<div class=\"wp-block-group content has-custom-color-1-background-color has-background has-global-padding is-layout-constrained wp-container-core-group-is-layout-de465587 wp-block-group-is-layout-constrained\" style=\"margin-top:0px;margin-bottom:0px;padding-top:0;padding-right:20rem;padding-bottom:10rem;padding-left:20rem\">\n<div class=\"wp-block-group shape has-custom-color-1-background-color has-background has-global-padding is-layout-constrained wp-container-core-group-is-layout-12243e0f wp-block-group-is-layout-constrained\" style=\"border-radius:0px\"><\/div>\n\n\n\n<h2 class=\"wp-block-heading has-text-align-center big-title has-base-2-color has-text-color has-link-color wp-elements-446fbdcdc4a1d861dc8da9ad871cab2c\" style=\"margin-bottom:2rem\">Warum ein <strong>Mobilheim in der Charente<\/strong> kaufen?<\/h2>\n\n\n\n<p class=\"has-text-align-center has-base-2-color has-text-color has-link-color wp-elements-c456a74b790e84637b4cfb255d28d92c\">Resident im <a href=\"https:\/\/www.campingdeslacs.fr\/de\/\" data-type=\"page\" data-id=\"5\">Camping des Lacs nahe Limoges<\/a> zu werden, hei\u00dft, sich f\u00fcr eine Lebensart mitten in der Natur zu entscheiden \u2013 in einem besonders <strong>privilegierten<\/strong> <strong>Rahmen<\/strong> am Ufer der <strong>Seen der Haute-Charente<\/strong>, in der N\u00e4he von Limoges. Resident zu sein bedeutet, das eigene Mobilheim auf einem gro\u00dfz\u00fcgigen, landschaftlich gestalteten Stellplatz zu genie\u00dfen und gleichzeitig von den Services und Ausstattungen eines <strong>4-Sterne-camping<\/strong> zu profitieren: Pools, Sanit\u00e4ranlagen, Freizeitbereiche, saisonale Animationen und \u2013 je nach Stellplatz \u2013 direkter Zugang zum See. <\/p>\n\n\n\n<p class=\"has-text-align-center has-base-2-color has-text-color has-link-color wp-elements-17d4f7b5f5cf1b02895b2543aa72f9b5\">Du genie\u00dft deine <strong>Freizeitresidenz<\/strong> in deinem Tempo, ohne Buchungszwang \u2013 f\u00fcr spontane Wochenenden oder lange Erholungspausen. Au\u00dferdem ist es die Sicherheit eines <strong>geselligen<\/strong> <strong>Umfelds<\/strong>, in dem man seine Nachbarn wiedertrifft und die ganze Saison \u00fcber warme, gemeinsame Momente teilt. Ohne die Zw\u00e4nge eines klassischen Zweitwohnsitzes erm\u00f6glicht es, im Camping des Lacs Resident zu werden, leicht abzuschalten, <strong>das Budget im Griff zu behalten<\/strong> und erholsame Ferien genau dann voll auszukosten, wenn du m\u00f6chtest.  <\/p>\n\n\n\n<div class=\"wp-block-group shape bottom has-custom-color-1-background-color has-background has-global-padding is-layout-constrained wp-container-core-group-is-layout-12243e0f wp-block-group-is-layout-constrained\" style=\"border-radius:0px\"><\/div>\n<\/div>\n<\/div>\n\n<div class=\"wp-block-group section-4 has-global-padding is-layout-constrained wp-container-core-group-is-layout-f7256455 wp-block-group-is-layout-constrained\" style=\"margin-top:0px;padding-right:0px;padding-left:0px\">\n<div class=\"wp-block-group has-base-2-background-color has-background has-global-padding is-layout-constrained wp-container-core-group-is-layout-08869aef wp-block-group-is-layout-constrained\" style=\"border-bottom-left-radius:100px;border-bottom-right-radius:0px;padding-top:2rem;padding-right:2rem;padding-bottom:6rem;padding-left:2rem\">\n<div class=\"wp-block-cover is-light gt-multiple-images-cover has-slider\" style=\"border-bottom-left-radius:100px;border-bottom-right-radius:0px;padding-top:0px;padding-right:0px;padding-bottom:0px;padding-left:0px;min-height:430px;aspect-ratio:unset;\" data-image-ids=\"[3811,3815,3829,3833,3837,3857]\"><div class=\"gt-is-slider swiper-container\" data-swiper=\"{&quot;speed&quot;:1000,&quot;autoplay&quot;:{&quot;delay&quot;:2000,&quot;disableOnInteraction&quot;:false},&quot;spaceBetween&quot;:0,&quot;slidesPerView&quot;:1,&quot;pagination&quot;:{&quot;el&quot;:&quot;.swiper-pagination&quot;,&quot;dynamicBullets&quot;:true,&quot;clickable&quot;:true,&quot;type&quot;:&quot;bullets&quot;},&quot;navigation&quot;:{&quot;nextEl&quot;:&quot;.swiper-button-next&quot;,&quot;prevEl&quot;:&quot;.swiper-button-prev&quot;},&quot;breakpoints&quot;:[{&quot;slidesPerView&quot;:1}],&quot;effect&quot;:&quot;fade&quot;}\"><div class=\"swiper-wrapper\"><div class=\"swiper-slide\"><img decoding=\"async\" src=\"https:\/\/www.campingdeslacs.fr\/wp-content\/uploads\/2026\/03\/Acheter-un-mobil-home-en-charente-3.jpg\" alt=\"Acheter un mobil home en charente\" class=\"gt-cover-image\" \/><\/div><div class=\"swiper-slide\"><img decoding=\"async\" src=\"https:\/\/www.campingdeslacs.fr\/wp-content\/uploads\/2026\/03\/camping-des-lacs-acheter-un-mobil-home.jpg\" alt=\"camping des lacs acheter un mobil home\" class=\"gt-cover-image\" \/><\/div><div class=\"swiper-slide\"><img decoding=\"async\" src=\"https:\/\/www.campingdeslacs.fr\/wp-content\/uploads\/2026\/03\/mobil-home-a-vendre-camping-avec-piscine-charente.jpg\" alt=\"mobil home a vendre camping avec piscine charente\" class=\"gt-cover-image\" \/><\/div><div class=\"swiper-slide\"><img decoding=\"async\" src=\"https:\/\/www.campingdeslacs.fr\/wp-content\/uploads\/2026\/03\/mobil-home-a-vendre-en-charente.jpg\" alt=\"mobil home \u00e0 vendre en charente\" class=\"gt-cover-image\" \/><\/div><div class=\"swiper-slide\"><img decoding=\"async\" src=\"https:\/\/www.campingdeslacs.fr\/wp-content\/uploads\/2026\/03\/mobil-home-tout-confort-a-vendre-pres-de-limoges.jpg\" alt=\"mobil home tout confort a vendre pr\u00e8s de limoges\" class=\"gt-cover-image\" \/><\/div><div class=\"swiper-slide\"><img decoding=\"async\" src=\"https:\/\/www.campingdeslacs.fr\/wp-content\/uploads\/2026\/03\/mobil-home-avec-terrasse-a-vendre-Camping-des-lacs.jpg\" alt=\"mobil home avec terrasse \u00e0 vendre Camping des lacs\" class=\"gt-cover-image\" \/><\/div><\/div><\/div><span aria-hidden=\"true\" class=\"wp-block-cover__background has-background-dim-10 has-background-dim has-background-gradient\" style=\"background:linear-gradient(0deg,rgba(42,69,61,0.54) 0%,rgba(255,255,255,0) 100%)\"><\/span><div class=\"wp-block-cover__inner-container has-global-padding is-layout-constrained wp-container-core-cover-is-layout-f5c98baf wp-block-cover-is-layout-constrained\">\n<figure class=\"wp-block-image size-large is-resized line wp-duotone-ffffff-ffffff-1\"><img decoding=\"async\" src=\"https:\/\/www.campingdeslacs.fr\/wp-content\/uploads\/2025\/11\/line-verticale-beige.svg\" alt=\"beige vertikale Linie\" style=\"object-fit:cover;width:2px;height:50px\"\/><\/figure>\n\n\n\n<div class=\"wp-block-group icon has-global-padding is-layout-constrained wp-container-core-group-is-layout-d22ff40a wp-block-group-is-layout-constrained\" style=\"border-radius:100px;padding-top:0px;padding-right:0px;padding-bottom:0px;padding-left:0px\">\n<figure class=\"wp-block-image size-large\"><img decoding=\"async\" width=\"93\" height=\"94\" src=\"https:\/\/www.campingdeslacs.fr\/wp-content\/uploads\/2026\/02\/baignade.svg\" alt=\"Baden\" class=\"wp-image-2099\"\/><\/figure>\n<\/div>\n\n\n\n<figure class=\"wp-block-image size-large arrow-swiper\"><img decoding=\"async\" src=\"https:\/\/www.campingdeslacs.fr\/wp-content\/uploads\/2025\/10\/fleche-droite-blanc.svg\" alt=\"wei&#xDF;er Pfeil nach rechts\" class=\"wp-image-389\"\/><\/figure>\n<\/div><\/div>\n\n\n\n<div class=\"wp-block-group content has-global-padding is-layout-constrained wp-container-core-group-is-layout-c33e39ee wp-block-group-is-layout-constrained\" style=\"padding-top:2rem;padding-right:4rem;padding-left:4rem\">\n<div class=\"wp-block-columns is-layout-flex wp-container-core-columns-is-layout-133cf375 wp-block-columns-is-layout-flex\">\n<div class=\"wp-block-column is-layout-flow wp-block-column-is-layout-flow\" style=\"flex-basis:100%\">\n<h2 class=\"wp-block-heading big-title has-custom-color-1-color has-text-color has-link-color wp-elements-1b1500d1f299625df5a295c640d0a5bb\" style=\"margin-bottom:2rem\">Unsere gebrauchten Mobilheime<\/h2>\n\n\n\n<p>Im Camping des Lacs ist es eine tolle Gelegenheit, in der Charente Resident und Eigent\u00fcmer deines Mobilheims zu werden, um die Natur ganz in der N\u00e4he von Limoges voll zu genie\u00dfen. Um dich bei diesem Projekt zu begleiten, bieten wir derzeit <strong>gebrauchte Mobilheime zum Verkauf<\/strong> an, die in ruhiger, gr\u00fcner Umgebung mitten im camping stehen. <\/p>\n\n\n\n<p>Unter den verf\u00fcgbaren Modellen \u00fcberzeugt das <strong>Mobilheim O\u2019Hara von 2017<\/strong> mit 2 Schlafzimmern durch seine funktionale Raumaufteilung und seinen ausgezeichneten Zustand. Es verf\u00fcgt \u00fcber eine \u00fcberdachte Terrasse \u2013 ideal, um zu jeder Jahreszeit drau\u00dfen zu sein und gesellige Momente mit Familie oder Freunden zu teilen. <\/p>\n\n\n\n<p>Wir bieten au\u00dferdem ein <strong>Mobilheim Limousin<\/strong> mit 3 Schlafzimmern an, perfekt f\u00fcr Familien oder alle, die mehr Platz m\u00f6chten. Ebenfalls mit \u00fcberdachter Terrasse ausgestattet, bietet es Komfort und Praktikabilit\u00e4t f\u00fcr l\u00e4ngere Aufenthalte. Ein gebrauchtes Mobilheim im Camping des Lacs zu w\u00e4hlen, hei\u00dft, sich f\u00fcr eine schl\u00fcsselfertige L\u00f6sung in einem <strong>privilegierten Naturumfeld<\/strong> zu entscheiden \u2013 mit der Freiheit, deine Freizeitresidenz zu nutzen, wann immer du m\u00f6chtest.  <\/p>\n<\/div>\n<\/div>\n<\/div>\n<\/div>\n<\/div>\n\n<div class=\"wp-block-group section-maillage has-custom-color-3-background-color has-background has-global-padding is-layout-constrained wp-container-core-group-is-layout-b2a531d2 wp-block-group-is-layout-constrained\" style=\"margin-top:0px;margin-bottom:0px;padding-top:var(--wp--preset--spacing--40);padding-right:0px;padding-bottom:var(--wp--preset--spacing--40);padding-left:0px\">\n<div class=\"wp-block-group shape has-global-padding is-layout-constrained wp-container-core-group-is-layout-12243e0f wp-block-group-is-layout-constrained\" style=\"border-radius:0px\"><\/div>\n\n\n\n<div class=\"wp-block-group content has-global-padding is-layout-constrained wp-container-core-group-is-layout-02453b6a wp-block-group-is-layout-constrained\" style=\"margin-top:0px;margin-bottom:0px;padding-top:12rem;padding-right:8rem;padding-bottom:12rem;padding-left:8rem\">\n<p class=\"has-text-align-center has-custom-color-1-color has-text-color has-link-color has-modefun-font-family wp-elements-a0510166b6a420c2daf39eabedd81479\" style=\"font-size:clamp(2.2rem, 2.2rem + ((1vw - 0.2rem) * 3), 4rem);line-height:1.1\">Entdecke auch die Services, die Pools und<br\/>unsere Stellpl\u00e4tze<\/p>\n\n\n\n<div data-wp-context=\"{}\" data-wp-interactive=\"core\/query\" data-wp-key=\"1\" data-wp-router-region=\"query-1\" class=\"wp-block-query alignwide gt-fse-maillage-query is-layout-flow wp-block-query-is-layout-flow\"><ul class=\"columns-3 wp-block-post-template is-layout-grid wp-container-core-post-template-is-layout-6d3fbd8f wp-block-post-template-is-layout-grid\"><li data-wp-key=\"post-template-item-4227\" class=\"wp-block-post post-4227 page type-page status-publish has-post-thumbnail hentry\">\n\n<div class=\"wp-block-group is-layout-flow wp-block-group-is-layout-flow\">\n<figure class=\"wp-block-image has-custom-border\"><img decoding=\"async\" src=\"https:\/\/www.campingdeslacs.fr\/wp-content\/uploads\/2026\/03\/Camping-des-lacs-emplacements-charente.jpg\" alt=\"Camping des Lacs Stellpl\u00e4tze Charente\" style=\"border-bottom-left-radius:100px;object-fit:cover\"\/><\/figure>\n\n\n\n<p class=\"has-text-align-center has-base-2-color has-text-color has-link-color has-modefun-font-family wp-elements-1d6432bcaa2d0c4d6d719eda62cad6b5\" style=\"padding-top:var(--wp--preset--spacing--20);padding-right:var(--wp--preset--spacing--10);padding-bottom:var(--wp--preset--spacing--20);padding-left:var(--wp--preset--spacing--10);font-size:clamp(0.984rem, 0.984rem + ((1vw - 0.2rem) * 0.86), 1.5rem);line-height:1\">Unsere Stellpl\u00e4tze<\/p>\n\n\n<a class=\"is-style-lien-cover wp-block-read-more\" href=\"https:\/\/www.campingdeslacs.fr\/de\/vermietung-stellplatz-pressignac\/\" target=\"_self\">Weiterlesen<span class=\"screen-reader-text\">: Unsere Stellpl\u00e4tze<\/span><\/a><\/div>\n\n<\/li><li data-wp-key=\"post-template-item-4268\" class=\"wp-block-post post-4268 page type-page status-publish has-post-thumbnail hentry\">\n\n<div class=\"wp-block-group is-layout-flow wp-block-group-is-layout-flow\">\n<figure class=\"wp-block-image has-custom-border\"><img decoding=\"async\" src=\"https:\/\/www.campingdeslacs.fr\/wp-content\/uploads\/2026\/03\/Camping-des-lacs-piscine-charente.jpg\" alt=\"Camping des Lacs Pool Charente\" style=\"border-bottom-left-radius:100px;object-fit:cover\"\/><\/figure>\n\n\n\n<p class=\"has-text-align-center has-base-2-color has-text-color has-link-color has-modefun-font-family wp-elements-1d6432bcaa2d0c4d6d719eda62cad6b5\" style=\"padding-top:var(--wp--preset--spacing--20);padding-right:var(--wp--preset--spacing--10);padding-bottom:var(--wp--preset--spacing--20);padding-left:var(--wp--preset--spacing--10);font-size:clamp(0.984rem, 0.984rem + ((1vw - 0.2rem) * 0.86), 1.5rem);line-height:1\">Der Pool<\/p>\n\n\n<a class=\"is-style-lien-cover wp-block-read-more\" href=\"https:\/\/www.campingdeslacs.fr\/de\/beheiztem-pool-pressignac\/\" target=\"_self\">Weiterlesen<span class=\"screen-reader-text\">: Pools<\/span><\/a><\/div>\n\n<\/li><li data-wp-key=\"post-template-item-4266\" class=\"wp-block-post post-4266 page type-page status-publish has-post-thumbnail hentry\">\n\n<div class=\"wp-block-group is-layout-flow wp-block-group-is-layout-flow\">\n<figure class=\"wp-block-image has-custom-border\"><img decoding=\"async\" src=\"https:\/\/www.campingdeslacs.fr\/wp-content\/uploads\/2026\/03\/camping-familial-charente.jpg\" alt=\"Dienstleistungen und Aktivit\u00e4ten\" style=\"border-bottom-left-radius:100px;object-fit:cover\"\/><\/figure>\n\n\n\n<p class=\"has-text-align-center has-base-2-color has-text-color has-link-color has-modefun-font-family wp-elements-1d6432bcaa2d0c4d6d719eda62cad6b5\" style=\"padding-top:var(--wp--preset--spacing--20);padding-right:var(--wp--preset--spacing--10);padding-bottom:var(--wp--preset--spacing--20);padding-left:var(--wp--preset--spacing--10);font-size:clamp(0.984rem, 0.984rem + ((1vw - 0.2rem) * 0.86), 1.5rem);line-height:1\">Dienstleistungen und Aktivit\u00e4ten<\/p>\n\n\n<a class=\"is-style-lien-cover wp-block-read-more\" href=\"https:\/\/www.campingdeslacs.fr\/de\/familiencamping-pressignac\/\" target=\"_self\">Weiterlesen<span class=\"screen-reader-text\">: Dienstleistungen und Aktivit\u00e4ten<\/span><\/a><\/div>\n\n<\/li><\/ul><\/div>\n<\/div>\n<\/div>\n","protected":false},"excerpt":{"rendered":"<p>Warum ein Mobilheim in der Charente kaufen? Resident im Camping des Lacs nahe Limoges zu werden, hei\u00dft, sich f\u00fcr eine Lebensart mitten in der Natur zu entscheiden \u2013 in einem besonders privilegierten Rahmen am Ufer der Seen der Haute-Charente, in der N\u00e4he von Limoges. Resident zu sein bedeutet, das eigene Mobilheim auf einem gro\u00dfz\u00fcgigen, landschaftlich [&hellip;]<\/p>\n","protected":false},"author":1,"featured_media":2805,"parent":0,"menu_order":0,"comment_status":"closed","ping_status":"closed","template":"","meta":{"_seopress_robots_primary_cat":"","_seopress_titles_title":"Mobilheim in der Charente kaufen | Mobilheim kaufen in der N\u00e4he von Limoges","_seopress_titles_desc":"Entdecke eine Lebensart in der Charente: Werde Resident und Eigent\u00fcmer eines Mobilheims im Camping des Lacs, nur einen Katzensprung von Limoges entfernt, f\u00fcr Aufenthalte ganz ohne Einschr\u00e4nkungen.","_seopress_robots_index":"","_gt_ctv_global_id":"","_gt_ctv_id_group":false,"inline_featured_image":false,"gt_fse_maillage_image":"https:\/\/www.campingdeslacs.fr\/wp-content\/uploads\/2026\/03\/location-mobilhome-vue-lac-charente-1.jpg","gt_fse_maillage_titre":"Resident werden","gt_fse_maillage_alt":"resident werden","gt_fse_maillage_resume":"","footnotes":""},"categories":[],"tags":[],"class_list":["post-4155","page","type-page","status-publish","has-post-thumbnail","hentry"],"_links":{"self":[{"href":"https:\/\/www.campingdeslacs.fr\/de\/wp-json\/wp\/v2\/pages\/4155","targetHints":{"allow":["GET"]}}],"collection":[{"href":"https:\/\/www.campingdeslacs.fr\/de\/wp-json\/wp\/v2\/pages"}],"about":[{"href":"https:\/\/www.campingdeslacs.fr\/de\/wp-json\/wp\/v2\/types\/page"}],"author":[{"embeddable":true,"href":"https:\/\/www.campingdeslacs.fr\/de\/wp-json\/wp\/v2\/users\/1"}],"replies":[{"embeddable":true,"href":"https:\/\/www.campingdeslacs.fr\/de\/wp-json\/wp\/v2\/comments?post=4155"}],"version-history":[{"count":1,"href":"https:\/\/www.campingdeslacs.fr\/de\/wp-json\/wp\/v2\/pages\/4155\/revisions"}],"predecessor-version":[{"id":4156,"href":"https:\/\/www.campingdeslacs.fr\/de\/wp-json\/wp\/v2\/pages\/4155\/revisions\/4156"}],"wp:featuredmedia":[{"embeddable":true,"href":"https:\/\/www.campingdeslacs.fr\/de\/wp-json\/wp\/v2\/media\/2805"}],"wp:attachment":[{"href":"https:\/\/www.campingdeslacs.fr\/de\/wp-json\/wp\/v2\/media?parent=4155"}],"wp:term":[{"taxonomy":"category","embeddable":true,"href":"https:\/\/www.campingdeslacs.fr\/de\/wp-json\/wp\/v2\/categories?post=4155"},{"taxonomy":"post_tag","embeddable":true,"href":"https:\/\/www.campingdeslacs.fr\/de\/wp-json\/wp\/v2\/tags?post=4155"}],"curies":[{"name":"wp","href":"https:\/\/api.w.org\/{rel}","templated":true}]}}